{"id":5289,"date":"2025-10-29T13:08:57","date_gmt":"2025-10-29T11:08:57","guid":{"rendered":"https:\/\/www.porinmatti.fi\/porin-matti-2\/"},"modified":"2025-10-29T15:01:57","modified_gmt":"2025-10-29T13:01:57","slug":"porin-matti","status":"publish","type":"page","link":"https:\/\/www.porinmatti.fi\/en\/porin-matti\/","title":{"rendered":"Porin Matti"},"content":{"rendered":"","protected":false},"excerpt":{"rendered":"","protected":false},"author":1,"featured_media":0,"parent":0,"menu_order":0,"comment_status":"closed","ping_status":"closed","template":"page-templates\/lander.php","meta":{"footnotes":""},"class_list":["post-5289","page","type-page","status-publish","hentry"],"yoast_head":"<!-- This site is optimized with the Yoast SEO plugin v27.2 - https:\/\/yoast.com\/product\/yoast-seo-wordpress\/ -->\n<title>Porin Matti - Porin Matti<\/title>\n<meta name=\"robots\" content=\"index, follow, max-snippet:-1, max-image-preview:large, max-video-preview:-1\" \/>\n<link rel=\"canonical\" href=\"https:\/\/www.porinmatti.fi\/en\/porin-matti\/\" \/>\n<meta property=\"og:locale\" content=\"en_US\" \/>\n<meta property=\"og:type\" content=\"article\" \/>\n<meta property=\"og:title\" content=\"Porin Matti - Porin Matti\" \/>\n<meta property=\"og:url\" content=\"https:\/\/www.porinmatti.fi\/en\/porin-matti\/\" \/>\n<meta property=\"og:site_name\" content=\"Porin Matti\" \/>\n<meta property=\"article:modified_time\" content=\"2025-10-29T13:01:57+00:00\" \/>\n<meta property=\"og:image\" content=\"https:\/\/www.porinmatti.fi\/content\/uploads\/2022\/02\/some-jako_FB_1200x630px.jpg\" \/>\n\t<meta property=\"og:image:width\" content=\"1200\" \/>\n\t<meta property=\"og:image:height\" content=\"630\" \/>\n\t<meta property=\"og:image:type\" content=\"image\/jpeg\" \/>\n<meta name=\"twitter:card\" content=\"summary_large_image\" \/>\n<script type=\"application\/ld+json\" class=\"yoast-schema-graph\">{\"@context\":\"https:\/\/schema.org\",\"@graph\":[{\"@type\":\"WebPage\",\"@id\":\"https:\/\/www.porinmatti.fi\/en\/porin-matti\/\",\"url\":\"https:\/\/www.porinmatti.fi\/en\/porin-matti\/\",\"name\":\"Porin Matti - Porin Matti\",\"isPartOf\":{\"@id\":\"https:\/\/www.porinmatti.fi\/en\/#website\"},\"datePublished\":\"2025-10-29T11:08:57+00:00\",\"dateModified\":\"2025-10-29T13:01:57+00:00\",\"breadcrumb\":{\"@id\":\"https:\/\/www.porinmatti.fi\/en\/porin-matti\/#breadcrumb\"},\"inLanguage\":\"en-US\",\"potentialAction\":[{\"@type\":\"ReadAction\",\"target\":[\"https:\/\/www.porinmatti.fi\/en\/porin-matti\/\"]}]},{\"@type\":\"BreadcrumbList\",\"@id\":\"https:\/\/www.porinmatti.fi\/en\/porin-matti\/#breadcrumb\",\"itemListElement\":[{\"@type\":\"ListItem\",\"position\":1,\"name\":\"Home\",\"item\":\"https:\/\/www.porinmatti.fi\/en\/\"},{\"@type\":\"ListItem\",\"position\":2,\"name\":\"Porin Matti\"}]},{\"@type\":\"WebSite\",\"@id\":\"https:\/\/www.porinmatti.fi\/en\/#website\",\"url\":\"https:\/\/www.porinmatti.fi\/en\/\",\"name\":\"Porin Matti\",\"description\":\"Kotimainen ja kest\u00e4v\u00e4, ajattoman tyylik\u00e4s tulisija\",\"potentialAction\":[{\"@type\":\"SearchAction\",\"target\":{\"@type\":\"EntryPoint\",\"urlTemplate\":\"https:\/\/www.porinmatti.fi\/en\/?s={search_term_string}\"},\"query-input\":{\"@type\":\"PropertyValueSpecification\",\"valueRequired\":true,\"valueName\":\"search_term_string\"}}],\"inLanguage\":\"en-US\"}]}<\/script>\n<!-- \/ Yoast SEO plugin. -->","yoast_head_json":{"title":"Porin Matti - Porin Matti","robots":{"index":"index","follow":"follow","max-snippet":"max-snippet:-1","max-image-preview":"max-image-preview:large","max-video-preview":"max-video-preview:-1"},"canonical":"https:\/\/www.porinmatti.fi\/en\/porin-matti\/","og_locale":"en_US","og_type":"article","og_title":"Porin Matti - Porin Matti","og_url":"https:\/\/www.porinmatti.fi\/en\/porin-matti\/","og_site_name":"Porin Matti","article_modified_time":"2025-10-29T13:01:57+00:00","og_image":[{"width":1200,"height":630,"url":"https:\/\/www.porinmatti.fi\/content\/uploads\/2022\/02\/some-jako_FB_1200x630px.jpg","type":"image\/jpeg"}],"twitter_card":"summary_large_image","schema":{"@context":"https:\/\/schema.org","@graph":[{"@type":"WebPage","@id":"https:\/\/www.porinmatti.fi\/en\/porin-matti\/","url":"https:\/\/www.porinmatti.fi\/en\/porin-matti\/","name":"Porin Matti - Porin Matti","isPartOf":{"@id":"https:\/\/www.porinmatti.fi\/en\/#website"},"datePublished":"2025-10-29T11:08:57+00:00","dateModified":"2025-10-29T13:01:57+00:00","breadcrumb":{"@id":"https:\/\/www.porinmatti.fi\/en\/porin-matti\/#breadcrumb"},"inLanguage":"en-US","potentialAction":[{"@type":"ReadAction","target":["https:\/\/www.porinmatti.fi\/en\/porin-matti\/"]}]},{"@type":"BreadcrumbList","@id":"https:\/\/www.porinmatti.fi\/en\/porin-matti\/#breadcrumb","itemListElement":[{"@type":"ListItem","position":1,"name":"Home","item":"https:\/\/www.porinmatti.fi\/en\/"},{"@type":"ListItem","position":2,"name":"Porin Matti"}]},{"@type":"WebSite","@id":"https:\/\/www.porinmatti.fi\/en\/#website","url":"https:\/\/www.porinmatti.fi\/en\/","name":"Porin Matti","description":"Kotimainen ja kest\u00e4v\u00e4, ajattoman tyylik\u00e4s tulisija","potentialAction":[{"@type":"SearchAction","target":{"@type":"EntryPoint","urlTemplate":"https:\/\/www.porinmatti.fi\/en\/?s={search_term_string}"},"query-input":{"@type":"PropertyValueSpecification","valueRequired":true,"valueName":"search_term_string"}}],"inLanguage":"en-US"}]}},"_links":{"self":[{"href":"https:\/\/www.porinmatti.fi\/en\/wp-json\/wp\/v2\/pages\/5289","targetHints":{"allow":["GET"]}}],"collection":[{"href":"https:\/\/www.porinmatti.fi\/en\/wp-json\/wp\/v2\/pages"}],"about":[{"href":"https:\/\/www.porinmatti.fi\/en\/wp-json\/wp\/v2\/types\/page"}],"author":[{"embeddable":true,"href":"https:\/\/www.porinmatti.fi\/en\/wp-json\/wp\/v2\/users\/1"}],"replies":[{"embeddable":true,"href":"https:\/\/www.porinmatti.fi\/en\/wp-json\/wp\/v2\/comments?post=5289"}],"version-history":[{"count":1,"href":"https:\/\/www.porinmatti.fi\/en\/wp-json\/wp\/v2\/pages\/5289\/revisions"}],"predecessor-version":[{"id":5290,"href":"https:\/\/www.porinmatti.fi\/en\/wp-json\/wp\/v2\/pages\/5289\/revisions\/5290"}],"wp:attachment":[{"href":"https:\/\/www.porinmatti.fi\/en\/wp-json\/wp\/v2\/media?parent=5289"}],"curies":[{"name":"wp","href":"https:\/\/api.w.org\/{rel}","templated":true}]}}