{"id":626,"date":"2022-02-22T11:39:54","date_gmt":"2022-02-22T09:39:54","guid":{"rendered":"https:\/\/www.porinmatti.fi\/historia\/"},"modified":"2025-10-29T14:46:11","modified_gmt":"2025-10-29T12:46:11","slug":"history","status":"publish","type":"page","link":"https:\/\/www.porinmatti.fi\/en\/history\/","title":{"rendered":"History"},"content":{"rendered":"<h1>In the beginning, there was Porin Matti<\/h1>\n<p>The Porin Matti heating stove has been one of the best-known products of Rosenlew\u2019s Pori machine shop for decades. The stove was designed by Svante Palkola, who was working as a technician in the company at the end of the 1930s.<\/p>\n<p>At that time, the Finns lived in very cramped conditions, and continued to do for a long while. Heaters that were low on wood consumption and suitable for small spaces were required. To begin with, four sizes of Porin Mattis were made. The steel-framed Porin Matti, already fitted to the wall, was very popular, especially after the war.<\/p>\n<p>The 1960s, an unprecedented decade of design, also changed the look of Porin Matti. The famous Timo Sarpaneva, who worked at Rosenlew at the time, revamped the design language of Porin Matti. The color options that were introduced were now red, olive green and gray. At the same time, the door of the stove, for example, was streamlined.<\/p>\n<p>However, Rosenlew gave up its classic stove in 1974. Polartherm in Western Finland acquired it for its production, continuing to make it until 2002.<\/p>\n<p>After a short break, in 2009 the PK-Levy company, based in Nurmes in Eastern Finland, took over manufacturing the Porin Matti.<\/p>\n<p>So, thousands of Finnish homes and summer cottages can continue to enjoy the heat given out by the starkly beautiful side of Porin Matti. The classic lives on.<\/p>\n<p>Source: the Rosenlew museum and the Tamperelainen city newspaper<\/p>\n<p><a class=\"far fa-file-pdf fa--after icon-color--secondary-color\" href=\"https:\/\/www.porinmatti.fi\/content\/uploads\/2022\/02\/porin-matti01011940.pdf\" target=\"_blank\" rel=\"noopener\">Download a brochure in Finnish from 1940<\/a> (source: the Finnish National Library)<\/p>\n<h2>Videos<\/h2>\n<div class=\"shortcode--youtube iframe-16-9\"><iframe src=\"https:\/\/www.youtube.com\/embed\/ZOK8rwOBdgU?rel=0\" frameborder=\"0\" allow=\"accelerometer; autoplay; encrypted-media; gyroscope; picture-in-picture\" allowfullscreen><\/iframe><\/div>\n","protected":false},"excerpt":{"rendered":"<p>In the beginning, there was Porin Matti The Porin Matti heating stove has been one of the best-known products of Rosenlew\u2019s Pori machine shop for&#8230;<\/p>\n","protected":false},"author":1,"featured_media":0,"parent":0,"menu_order":0,"comment_status":"closed","ping_status":"closed","template":"","meta":{"footnotes":""},"class_list":["post-626","page","type-page","status-publish","hentry"],"yoast_head":"<!-- This site is optimized with the Yoast SEO plugin v27.5 - https:\/\/yoast.com\/product\/yoast-seo-wordpress\/ -->\n<title>Porin Matti tulisijat - Ajaton ja kest\u00e4v\u00e4, kotimainen klassikko<\/title>\n<meta name=\"description\" content=\"Porin Matti tulisija yhdist\u00e4\u00e4 ajattoman tyylin ja toiminnallisuuden. Uudet Porin Matit ja varaosat verkkokaupasta, perinteit\u00e4 kunnioittaen.\" \/>\n<meta name=\"robots\" content=\"index, follow, max-snippet:-1, max-image-preview:large, max-video-preview:-1\" \/>\n<link rel=\"canonical\" href=\"https:\/\/www.porinmatti.fi\/en\/history\/\" \/>\n<meta property=\"og:locale\" content=\"en_US\" \/>\n<meta property=\"og:type\" content=\"article\" \/>\n<meta property=\"og:title\" content=\"Porin Matti tulisijat - Ajaton ja kest\u00e4v\u00e4, kotimainen klassikko\" \/>\n<meta property=\"og:description\" content=\"Porin Matti tulisija yhdist\u00e4\u00e4 ajattoman tyylin ja toiminnallisuuden. Uudet Porin Matit ja varaosat verkkokaupasta, perinteit\u00e4 kunnioittaen.\" \/>\n<meta property=\"og:url\" content=\"https:\/\/www.porinmatti.fi\/en\/history\/\" \/>\n<meta property=\"og:site_name\" content=\"Porin Matti\" \/>\n<meta property=\"article:modified_time\" content=\"2025-10-29T12:46:11+00:00\" \/>\n<meta property=\"og:image\" content=\"https:\/\/www.porinmatti.fi\/content\/uploads\/2022\/02\/some-jako_FB_1200x630px.jpg\" \/>\n\t<meta property=\"og:image:width\" content=\"1200\" \/>\n\t<meta property=\"og:image:height\" content=\"630\" \/>\n\t<meta property=\"og:image:type\" content=\"image\/jpeg\" \/>\n<meta name=\"twitter:card\" content=\"summary_large_image\" \/>\n<meta name=\"twitter:image\" content=\"https:\/\/www.porinmatti.fi\/content\/uploads\/2022\/02\/some-jako_Twitter_1024x512px.jpg\" \/>\n<meta name=\"twitter:label1\" content=\"Est. reading time\" \/>\n\t<meta name=\"twitter:data1\" content=\"1 minute\" \/>\n<script type=\"application\/ld+json\" class=\"yoast-schema-graph\">{\"@context\":\"https:\\\/\\\/schema.org\",\"@graph\":[{\"@type\":\"WebPage\",\"@id\":\"https:\\\/\\\/www.porinmatti.fi\\\/en\\\/history\\\/\",\"url\":\"https:\\\/\\\/www.porinmatti.fi\\\/en\\\/history\\\/\",\"name\":\"Porin Matti tulisijat - Ajaton ja kest\u00e4v\u00e4, kotimainen klassikko\",\"isPartOf\":{\"@id\":\"https:\\\/\\\/www.porinmatti.fi\\\/en\\\/#website\"},\"datePublished\":\"2022-02-22T09:39:54+00:00\",\"dateModified\":\"2025-10-29T12:46:11+00:00\",\"description\":\"Porin Matti tulisija yhdist\u00e4\u00e4 ajattoman tyylin ja toiminnallisuuden. Uudet Porin Matit ja varaosat verkkokaupasta, perinteit\u00e4 kunnioittaen.\",\"breadcrumb\":{\"@id\":\"https:\\\/\\\/www.porinmatti.fi\\\/en\\\/history\\\/#breadcrumb\"},\"inLanguage\":\"en-US\",\"potentialAction\":[{\"@type\":\"ReadAction\",\"target\":[\"https:\\\/\\\/www.porinmatti.fi\\\/en\\\/history\\\/\"]}]},{\"@type\":\"BreadcrumbList\",\"@id\":\"https:\\\/\\\/www.porinmatti.fi\\\/en\\\/history\\\/#breadcrumb\",\"itemListElement\":[{\"@type\":\"ListItem\",\"position\":1,\"name\":\"Home\",\"item\":\"https:\\\/\\\/www.porinmatti.fi\\\/en\\\/\"},{\"@type\":\"ListItem\",\"position\":2,\"name\":\"History\"}]},{\"@type\":\"WebSite\",\"@id\":\"https:\\\/\\\/www.porinmatti.fi\\\/en\\\/#website\",\"url\":\"https:\\\/\\\/www.porinmatti.fi\\\/en\\\/\",\"name\":\"Porin Matti\",\"description\":\"Kotimainen ja kest\u00e4v\u00e4, ajattoman tyylik\u00e4s tulisija\",\"potentialAction\":[{\"@type\":\"SearchAction\",\"target\":{\"@type\":\"EntryPoint\",\"urlTemplate\":\"https:\\\/\\\/www.porinmatti.fi\\\/en\\\/?s={search_term_string}\"},\"query-input\":{\"@type\":\"PropertyValueSpecification\",\"valueRequired\":true,\"valueName\":\"search_term_string\"}}],\"inLanguage\":\"en-US\"}]}<\/script>\n<!-- \/ Yoast SEO plugin. -->","yoast_head_json":{"title":"Porin Matti tulisijat - Ajaton ja kest\u00e4v\u00e4, kotimainen klassikko","description":"Porin Matti tulisija yhdist\u00e4\u00e4 ajattoman tyylin ja toiminnallisuuden. Uudet Porin Matit ja varaosat verkkokaupasta, perinteit\u00e4 kunnioittaen.","robots":{"index":"index","follow":"follow","max-snippet":"max-snippet:-1","max-image-preview":"max-image-preview:large","max-video-preview":"max-video-preview:-1"},"canonical":"https:\/\/www.porinmatti.fi\/en\/history\/","og_locale":"en_US","og_type":"article","og_title":"Porin Matti tulisijat - Ajaton ja kest\u00e4v\u00e4, kotimainen klassikko","og_description":"Porin Matti tulisija yhdist\u00e4\u00e4 ajattoman tyylin ja toiminnallisuuden. Uudet Porin Matit ja varaosat verkkokaupasta, perinteit\u00e4 kunnioittaen.","og_url":"https:\/\/www.porinmatti.fi\/en\/history\/","og_site_name":"Porin Matti","article_modified_time":"2025-10-29T12:46:11+00:00","og_image":[{"width":1200,"height":630,"url":"https:\/\/www.porinmatti.fi\/content\/uploads\/2022\/02\/some-jako_FB_1200x630px.jpg","type":"image\/jpeg"}],"twitter_card":"summary_large_image","twitter_image":"https:\/\/www.porinmatti.fi\/content\/uploads\/2022\/02\/some-jako_Twitter_1024x512px.jpg","twitter_misc":{"Est. reading time":"1 minute"},"schema":{"@context":"https:\/\/schema.org","@graph":[{"@type":"WebPage","@id":"https:\/\/www.porinmatti.fi\/en\/history\/","url":"https:\/\/www.porinmatti.fi\/en\/history\/","name":"Porin Matti tulisijat - Ajaton ja kest\u00e4v\u00e4, kotimainen klassikko","isPartOf":{"@id":"https:\/\/www.porinmatti.fi\/en\/#website"},"datePublished":"2022-02-22T09:39:54+00:00","dateModified":"2025-10-29T12:46:11+00:00","description":"Porin Matti tulisija yhdist\u00e4\u00e4 ajattoman tyylin ja toiminnallisuuden. Uudet Porin Matit ja varaosat verkkokaupasta, perinteit\u00e4 kunnioittaen.","breadcrumb":{"@id":"https:\/\/www.porinmatti.fi\/en\/history\/#breadcrumb"},"inLanguage":"en-US","potentialAction":[{"@type":"ReadAction","target":["https:\/\/www.porinmatti.fi\/en\/history\/"]}]},{"@type":"BreadcrumbList","@id":"https:\/\/www.porinmatti.fi\/en\/history\/#breadcrumb","itemListElement":[{"@type":"ListItem","position":1,"name":"Home","item":"https:\/\/www.porinmatti.fi\/en\/"},{"@type":"ListItem","position":2,"name":"History"}]},{"@type":"WebSite","@id":"https:\/\/www.porinmatti.fi\/en\/#website","url":"https:\/\/www.porinmatti.fi\/en\/","name":"Porin Matti","description":"Kotimainen ja kest\u00e4v\u00e4, ajattoman tyylik\u00e4s tulisija","potentialAction":[{"@type":"SearchAction","target":{"@type":"EntryPoint","urlTemplate":"https:\/\/www.porinmatti.fi\/en\/?s={search_term_string}"},"query-input":{"@type":"PropertyValueSpecification","valueRequired":true,"valueName":"search_term_string"}}],"inLanguage":"en-US"}]}},"_links":{"self":[{"href":"https:\/\/www.porinmatti.fi\/en\/wp-json\/wp\/v2\/pages\/626","targetHints":{"allow":["GET"]}}],"collection":[{"href":"https:\/\/www.porinmatti.fi\/en\/wp-json\/wp\/v2\/pages"}],"about":[{"href":"https:\/\/www.porinmatti.fi\/en\/wp-json\/wp\/v2\/types\/page"}],"author":[{"embeddable":true,"href":"https:\/\/www.porinmatti.fi\/en\/wp-json\/wp\/v2\/users\/1"}],"replies":[{"embeddable":true,"href":"https:\/\/www.porinmatti.fi\/en\/wp-json\/wp\/v2\/comments?post=626"}],"version-history":[{"count":4,"href":"https:\/\/www.porinmatti.fi\/en\/wp-json\/wp\/v2\/pages\/626\/revisions"}],"predecessor-version":[{"id":5275,"href":"https:\/\/www.porinmatti.fi\/en\/wp-json\/wp\/v2\/pages\/626\/revisions\/5275"}],"wp:attachment":[{"href":"https:\/\/www.porinmatti.fi\/en\/wp-json\/wp\/v2\/media?parent=626"}],"curies":[{"name":"wp","href":"https:\/\/api.w.org\/{rel}","templated":true}]}}