{"id":651,"date":"2022-02-22T11:12:06","date_gmt":"2022-02-22T09:12:06","guid":{"rendered":"https:\/\/www.porinmatti.fi\/galleria\/"},"modified":"2022-02-22T13:46:46","modified_gmt":"2022-02-22T11:46:46","slug":"%e3%82%ae%e3%83%a3%e3%83%a9%e3%83%aa%e3%83%bc","status":"publish","type":"page","link":"https:\/\/www.porinmatti.fi\/ja\/%e3%82%ae%e3%83%a3%e3%83%a9%e3%83%aa%e3%83%bc\/","title":{"rendered":"\u30ae\u30e3\u30e9\u30ea\u30fc"},"content":{"rendered":"<h1>\u30ae\u30e3\u30e9\u30ea\u30fc<\/h1>\n    <div class=\"mk-gallery columns-3\" data-masonry='{\"itemSelector\": \".mk-gallery-image\", \"horizontalOrder\": false, \"columnWidth\": \".grid-sizer\", \"transitionDuration\": \"0.2s\" }'>\r\n        <div class=\"grid-sizer\"><\/div>\r\n            <\/div>\r\n    <script>\r\n    window.addEventListener('load', function() {\r\n        baguetteBox.run('.mk-gallery');\r\n    });\r\n    <\/script>\r\n    \n","protected":false},"excerpt":{"rendered":"<p>\u30ae\u30e3\u30e9\u30ea\u30fc<\/p>\n","protected":false},"author":1,"featured_media":0,"parent":0,"menu_order":0,"comment_status":"closed","ping_status":"closed","template":"","meta":{"footnotes":""},"class_list":["post-651","page","type-page","status-publish","hentry"],"yoast_head":"<!-- This site is optimized with the Yoast SEO plugin v27.5 - https:\/\/yoast.com\/product\/yoast-seo-wordpress\/ -->\n<title>\u30ae\u30e3\u30e9\u30ea\u30fc - Porin Matti<\/title>\n<meta name=\"robots\" content=\"index, follow, max-snippet:-1, max-image-preview:large, max-video-preview:-1\" \/>\n<link rel=\"canonical\" href=\"https:\/\/www.porinmatti.fi\/ja\/%e3%82%ae%e3%83%a3%e3%83%a9%e3%83%aa%e3%83%bc\/\" \/>\n<meta property=\"og:locale\" content=\"ja_JP\" \/>\n<meta property=\"og:type\" content=\"article\" \/>\n<meta property=\"og:title\" content=\"\u30ae\u30e3\u30e9\u30ea\u30fc - Porin Matti\" \/>\n<meta property=\"og:description\" content=\"\u30ae\u30e3\u30e9\u30ea\u30fc\" \/>\n<meta property=\"og:url\" content=\"https:\/\/www.porinmatti.fi\/ja\/%e3%82%ae%e3%83%a3%e3%83%a9%e3%83%aa%e3%83%bc\/\" \/>\n<meta property=\"og:site_name\" content=\"Porin Matti\" \/>\n<meta property=\"article:modified_time\" content=\"2022-02-22T11:46:46+00:00\" \/>\n<meta property=\"og:image\" content=\"https:\/\/www.porinmatti.fi\/content\/uploads\/2022\/02\/some-jako_FB_1200x630px.jpg\" \/>\n\t<meta property=\"og:image:width\" content=\"1200\" \/>\n\t<meta property=\"og:image:height\" content=\"630\" \/>\n\t<meta property=\"og:image:type\" content=\"image\/jpeg\" \/>\n<meta name=\"twitter:card\" content=\"summary_large_image\" \/>\n<script type=\"application\/ld+json\" class=\"yoast-schema-graph\">{\"@context\":\"https:\\\/\\\/schema.org\",\"@graph\":[{\"@type\":\"WebPage\",\"@id\":\"https:\\\/\\\/www.porinmatti.fi\\\/ja\\\/%e3%82%ae%e3%83%a3%e3%83%a9%e3%83%aa%e3%83%bc\\\/\",\"url\":\"https:\\\/\\\/www.porinmatti.fi\\\/ja\\\/%e3%82%ae%e3%83%a3%e3%83%a9%e3%83%aa%e3%83%bc\\\/\",\"name\":\"\u30ae\u30e3\u30e9\u30ea\u30fc - Porin Matti\",\"isPartOf\":{\"@id\":\"https:\\\/\\\/www.porinmatti.fi\\\/ja\\\/#website\"},\"datePublished\":\"2022-02-22T09:12:06+00:00\",\"dateModified\":\"2022-02-22T11:46:46+00:00\",\"breadcrumb\":{\"@id\":\"https:\\\/\\\/www.porinmatti.fi\\\/ja\\\/%e3%82%ae%e3%83%a3%e3%83%a9%e3%83%aa%e3%83%bc\\\/#breadcrumb\"},\"inLanguage\":\"ja\",\"potentialAction\":[{\"@type\":\"ReadAction\",\"target\":[\"https:\\\/\\\/www.porinmatti.fi\\\/ja\\\/%e3%82%ae%e3%83%a3%e3%83%a9%e3%83%aa%e3%83%bc\\\/\"]}]},{\"@type\":\"BreadcrumbList\",\"@id\":\"https:\\\/\\\/www.porinmatti.fi\\\/ja\\\/%e3%82%ae%e3%83%a3%e3%83%a9%e3%83%aa%e3%83%bc\\\/#breadcrumb\",\"itemListElement\":[{\"@type\":\"ListItem\",\"position\":1,\"name\":\"\u8868\u7d19\",\"item\":\"https:\\\/\\\/www.porinmatti.fi\\\/ja\\\/\"},{\"@type\":\"ListItem\",\"position\":2,\"name\":\"\u30ae\u30e3\u30e9\u30ea\u30fc\"}]},{\"@type\":\"WebSite\",\"@id\":\"https:\\\/\\\/www.porinmatti.fi\\\/ja\\\/#website\",\"url\":\"https:\\\/\\\/www.porinmatti.fi\\\/ja\\\/\",\"name\":\"Porin Matti\",\"description\":\"Kotimainen ja kest\u00e4v\u00e4, ajattoman tyylik\u00e4s tulisija\",\"potentialAction\":[{\"@type\":\"SearchAction\",\"target\":{\"@type\":\"EntryPoint\",\"urlTemplate\":\"https:\\\/\\\/www.porinmatti.fi\\\/ja\\\/?s={search_term_string}\"},\"query-input\":{\"@type\":\"PropertyValueSpecification\",\"valueRequired\":true,\"valueName\":\"search_term_string\"}}],\"inLanguage\":\"ja\"}]}<\/script>\n<!-- \/ Yoast SEO plugin. -->","yoast_head_json":{"title":"\u30ae\u30e3\u30e9\u30ea\u30fc - Porin Matti","robots":{"index":"index","follow":"follow","max-snippet":"max-snippet:-1","max-image-preview":"max-image-preview:large","max-video-preview":"max-video-preview:-1"},"canonical":"https:\/\/www.porinmatti.fi\/ja\/%e3%82%ae%e3%83%a3%e3%83%a9%e3%83%aa%e3%83%bc\/","og_locale":"ja_JP","og_type":"article","og_title":"\u30ae\u30e3\u30e9\u30ea\u30fc - Porin Matti","og_description":"\u30ae\u30e3\u30e9\u30ea\u30fc","og_url":"https:\/\/www.porinmatti.fi\/ja\/%e3%82%ae%e3%83%a3%e3%83%a9%e3%83%aa%e3%83%bc\/","og_site_name":"Porin Matti","article_modified_time":"2022-02-22T11:46:46+00:00","og_image":[{"width":1200,"height":630,"url":"https:\/\/www.porinmatti.fi\/content\/uploads\/2022\/02\/some-jako_FB_1200x630px.jpg","type":"image\/jpeg"}],"twitter_card":"summary_large_image","schema":{"@context":"https:\/\/schema.org","@graph":[{"@type":"WebPage","@id":"https:\/\/www.porinmatti.fi\/ja\/%e3%82%ae%e3%83%a3%e3%83%a9%e3%83%aa%e3%83%bc\/","url":"https:\/\/www.porinmatti.fi\/ja\/%e3%82%ae%e3%83%a3%e3%83%a9%e3%83%aa%e3%83%bc\/","name":"\u30ae\u30e3\u30e9\u30ea\u30fc - Porin Matti","isPartOf":{"@id":"https:\/\/www.porinmatti.fi\/ja\/#website"},"datePublished":"2022-02-22T09:12:06+00:00","dateModified":"2022-02-22T11:46:46+00:00","breadcrumb":{"@id":"https:\/\/www.porinmatti.fi\/ja\/%e3%82%ae%e3%83%a3%e3%83%a9%e3%83%aa%e3%83%bc\/#breadcrumb"},"inLanguage":"ja","potentialAction":[{"@type":"ReadAction","target":["https:\/\/www.porinmatti.fi\/ja\/%e3%82%ae%e3%83%a3%e3%83%a9%e3%83%aa%e3%83%bc\/"]}]},{"@type":"BreadcrumbList","@id":"https:\/\/www.porinmatti.fi\/ja\/%e3%82%ae%e3%83%a3%e3%83%a9%e3%83%aa%e3%83%bc\/#breadcrumb","itemListElement":[{"@type":"ListItem","position":1,"name":"\u8868\u7d19","item":"https:\/\/www.porinmatti.fi\/ja\/"},{"@type":"ListItem","position":2,"name":"\u30ae\u30e3\u30e9\u30ea\u30fc"}]},{"@type":"WebSite","@id":"https:\/\/www.porinmatti.fi\/ja\/#website","url":"https:\/\/www.porinmatti.fi\/ja\/","name":"Porin Matti","description":"Kotimainen ja kest\u00e4v\u00e4, ajattoman tyylik\u00e4s tulisija","potentialAction":[{"@type":"SearchAction","target":{"@type":"EntryPoint","urlTemplate":"https:\/\/www.porinmatti.fi\/ja\/?s={search_term_string}"},"query-input":{"@type":"PropertyValueSpecification","valueRequired":true,"valueName":"search_term_string"}}],"inLanguage":"ja"}]}},"_links":{"self":[{"href":"https:\/\/www.porinmatti.fi\/ja\/wp-json\/wp\/v2\/pages\/651","targetHints":{"allow":["GET"]}}],"collection":[{"href":"https:\/\/www.porinmatti.fi\/ja\/wp-json\/wp\/v2\/pages"}],"about":[{"href":"https:\/\/www.porinmatti.fi\/ja\/wp-json\/wp\/v2\/types\/page"}],"author":[{"embeddable":true,"href":"https:\/\/www.porinmatti.fi\/ja\/wp-json\/wp\/v2\/users\/1"}],"replies":[{"embeddable":true,"href":"https:\/\/www.porinmatti.fi\/ja\/wp-json\/wp\/v2\/comments?post=651"}],"version-history":[{"count":1,"href":"https:\/\/www.porinmatti.fi\/ja\/wp-json\/wp\/v2\/pages\/651\/revisions"}],"predecessor-version":[{"id":652,"href":"https:\/\/www.porinmatti.fi\/ja\/wp-json\/wp\/v2\/pages\/651\/revisions\/652"}],"wp:attachment":[{"href":"https:\/\/www.porinmatti.fi\/ja\/wp-json\/wp\/v2\/media?parent=651"}],"curies":[{"name":"wp","href":"https:\/\/api.w.org\/{rel}","templated":true}]}}