{"id":825,"date":"2022-02-22T12:39:27","date_gmt":"2022-02-22T10:39:27","guid":{"rendered":"https:\/\/www.porinmatti.fi\/porin-matti\/"},"modified":"2025-10-29T15:53:14","modified_gmt":"2025-10-29T13:53:14","slug":"%e3%83%9b%e3%83%bc%e3%83%a0","status":"publish","type":"page","link":"https:\/\/www.porinmatti.fi\/ja\/","title":{"rendered":"\u30db\u30fc\u30e0"},"content":{"rendered":"","protected":false},"excerpt":{"rendered":"","protected":false},"author":1,"featured_media":0,"parent":0,"menu_order":0,"comment_status":"closed","ping_status":"closed","template":"page-templates\/lander.php","meta":{"footnotes":""},"class_list":["post-825","page","type-page","status-publish","hentry"],"yoast_head":"<!-- This site is optimized with the Yoast SEO plugin v27.5 - https:\/\/yoast.com\/product\/yoast-seo-wordpress\/ -->\n<title>\u30db\u30fc\u30e0 - Porin Matti<\/title>\n<meta name=\"robots\" content=\"index, follow, max-snippet:-1, max-image-preview:large, max-video-preview:-1\" \/>\n<link rel=\"canonical\" href=\"https:\/\/www.porinmatti.fi\/ja\/\" \/>\n<meta property=\"og:locale\" content=\"ja_JP\" \/>\n<meta property=\"og:type\" content=\"article\" \/>\n<meta property=\"og:title\" content=\"\u30db\u30fc\u30e0 - Porin Matti\" \/>\n<meta property=\"og:url\" content=\"https:\/\/www.porinmatti.fi\/ja\/\" \/>\n<meta property=\"og:site_name\" content=\"Porin Matti\" \/>\n<meta property=\"article:modified_time\" content=\"2025-10-29T13:53:14+00:00\" \/>\n<meta property=\"og:image\" content=\"https:\/\/www.porinmatti.fi\/content\/uploads\/2022\/02\/some-jako_FB_1200x630px.jpg\" \/>\n\t<meta property=\"og:image:width\" content=\"1200\" \/>\n\t<meta property=\"og:image:height\" content=\"630\" \/>\n\t<meta property=\"og:image:type\" content=\"image\/jpeg\" \/>\n<meta name=\"twitter:card\" content=\"summary_large_image\" \/>\n<meta name=\"twitter:label1\" content=\"Est. reading time\" \/>\n\t<meta name=\"twitter:data1\" content=\"1 minute\" \/>\n<script type=\"application\/ld+json\" class=\"yoast-schema-graph\">{\"@context\":\"https:\\\/\\\/schema.org\",\"@graph\":[{\"@type\":\"WebPage\",\"@id\":\"https:\\\/\\\/www.porinmatti.fi\\\/ja\\\/\",\"url\":\"https:\\\/\\\/www.porinmatti.fi\\\/ja\\\/\",\"name\":\"\u30db\u30fc\u30e0 - Porin Matti\",\"isPartOf\":{\"@id\":\"https:\\\/\\\/www.porinmatti.fi\\\/ja\\\/#website\"},\"datePublished\":\"2022-02-22T10:39:27+00:00\",\"dateModified\":\"2025-10-29T13:53:14+00:00\",\"breadcrumb\":{\"@id\":\"https:\\\/\\\/www.porinmatti.fi\\\/ja\\\/#breadcrumb\"},\"inLanguage\":\"ja\",\"potentialAction\":[{\"@type\":\"ReadAction\",\"target\":[\"https:\\\/\\\/www.porinmatti.fi\\\/ja\\\/\"]}]},{\"@type\":\"BreadcrumbList\",\"@id\":\"https:\\\/\\\/www.porinmatti.fi\\\/ja\\\/#breadcrumb\",\"itemListElement\":[{\"@type\":\"ListItem\",\"position\":1,\"name\":\"\u8868\u7d19\",\"item\":\"https:\\\/\\\/www.porinmatti.fi\\\/ja\\\/\"},{\"@type\":\"ListItem\",\"position\":2,\"name\":\"\u30db\u30fc\u30e0\"}]},{\"@type\":\"WebSite\",\"@id\":\"https:\\\/\\\/www.porinmatti.fi\\\/ja\\\/#website\",\"url\":\"https:\\\/\\\/www.porinmatti.fi\\\/ja\\\/\",\"name\":\"Porin Matti\",\"description\":\"Kotimainen ja kest\u00e4v\u00e4, ajattoman tyylik\u00e4s tulisija\",\"potentialAction\":[{\"@type\":\"SearchAction\",\"target\":{\"@type\":\"EntryPoint\",\"urlTemplate\":\"https:\\\/\\\/www.porinmatti.fi\\\/ja\\\/?s={search_term_string}\"},\"query-input\":{\"@type\":\"PropertyValueSpecification\",\"valueRequired\":true,\"valueName\":\"search_term_string\"}}],\"inLanguage\":\"ja\"}]}<\/script>\n<!-- \/ Yoast SEO plugin. -->","yoast_head_json":{"title":"\u30db\u30fc\u30e0 - Porin Matti","robots":{"index":"index","follow":"follow","max-snippet":"max-snippet:-1","max-image-preview":"max-image-preview:large","max-video-preview":"max-video-preview:-1"},"canonical":"https:\/\/www.porinmatti.fi\/ja\/","og_locale":"ja_JP","og_type":"article","og_title":"\u30db\u30fc\u30e0 - Porin Matti","og_url":"https:\/\/www.porinmatti.fi\/ja\/","og_site_name":"Porin Matti","article_modified_time":"2025-10-29T13:53:14+00:00","og_image":[{"width":1200,"height":630,"url":"https:\/\/www.porinmatti.fi\/content\/uploads\/2022\/02\/some-jako_FB_1200x630px.jpg","type":"image\/jpeg"}],"twitter_card":"summary_large_image","twitter_misc":{"Est. reading time":"1 minute"},"schema":{"@context":"https:\/\/schema.org","@graph":[{"@type":"WebPage","@id":"https:\/\/www.porinmatti.fi\/ja\/","url":"https:\/\/www.porinmatti.fi\/ja\/","name":"\u30db\u30fc\u30e0 - Porin Matti","isPartOf":{"@id":"https:\/\/www.porinmatti.fi\/ja\/#website"},"datePublished":"2022-02-22T10:39:27+00:00","dateModified":"2025-10-29T13:53:14+00:00","breadcrumb":{"@id":"https:\/\/www.porinmatti.fi\/ja\/#breadcrumb"},"inLanguage":"ja","potentialAction":[{"@type":"ReadAction","target":["https:\/\/www.porinmatti.fi\/ja\/"]}]},{"@type":"BreadcrumbList","@id":"https:\/\/www.porinmatti.fi\/ja\/#breadcrumb","itemListElement":[{"@type":"ListItem","position":1,"name":"\u8868\u7d19","item":"https:\/\/www.porinmatti.fi\/ja\/"},{"@type":"ListItem","position":2,"name":"\u30db\u30fc\u30e0"}]},{"@type":"WebSite","@id":"https:\/\/www.porinmatti.fi\/ja\/#website","url":"https:\/\/www.porinmatti.fi\/ja\/","name":"Porin Matti","description":"Kotimainen ja kest\u00e4v\u00e4, ajattoman tyylik\u00e4s tulisija","potentialAction":[{"@type":"SearchAction","target":{"@type":"EntryPoint","urlTemplate":"https:\/\/www.porinmatti.fi\/ja\/?s={search_term_string}"},"query-input":{"@type":"PropertyValueSpecification","valueRequired":true,"valueName":"search_term_string"}}],"inLanguage":"ja"}]}},"_links":{"self":[{"href":"https:\/\/www.porinmatti.fi\/ja\/wp-json\/wp\/v2\/pages\/825","targetHints":{"allow":["GET"]}}],"collection":[{"href":"https:\/\/www.porinmatti.fi\/ja\/wp-json\/wp\/v2\/pages"}],"about":[{"href":"https:\/\/www.porinmatti.fi\/ja\/wp-json\/wp\/v2\/types\/page"}],"author":[{"embeddable":true,"href":"https:\/\/www.porinmatti.fi\/ja\/wp-json\/wp\/v2\/users\/1"}],"replies":[{"embeddable":true,"href":"https:\/\/www.porinmatti.fi\/ja\/wp-json\/wp\/v2\/comments?post=825"}],"version-history":[{"count":3,"href":"https:\/\/www.porinmatti.fi\/ja\/wp-json\/wp\/v2\/pages\/825\/revisions"}],"predecessor-version":[{"id":5409,"href":"https:\/\/www.porinmatti.fi\/ja\/wp-json\/wp\/v2\/pages\/825\/revisions\/5409"}],"wp:attachment":[{"href":"https:\/\/www.porinmatti.fi\/ja\/wp-json\/wp\/v2\/media?parent=825"}],"curies":[{"name":"wp","href":"https:\/\/api.w.org\/{rel}","templated":true}]}}