{"id":636,"date":"2022-02-22T11:39:54","date_gmt":"2022-02-22T09:39:54","guid":{"rendered":"https:\/\/www.porinmatti.fi\/historia\/"},"modified":"2025-10-29T15:21:06","modified_gmt":"2025-10-29T13:21:06","slug":"historia","status":"publish","type":"page","link":"https:\/\/www.porinmatti.fi\/sv\/historia\/","title":{"rendered":"Historia"},"content":{"rendered":"<h1>I begynnelsen var Porin Matti<\/h1>\n<p>Under flera decennier var Porin Matti-kaminen en av de mest k\u00e4nda produkterna som tillverkades i Rosenlews mekaniska verkstad i Bj\u00f6rneborg. F\u00f6retagets tekniker Svante Palkola designade kaminen i slutet av 1930-talet.<\/p>\n<p>I d\u00e5tida Finland, och \u00e4ven l\u00e4nge fram\u00f6ver, bodde finl\u00e4ndare ytterst tr\u00e5ngt. Det fanns ett behov f\u00f6r en v\u00e4rmek\u00e4lla som passade bra i sm\u00e5 utrymmen och vars vedf\u00f6rbrukning var l\u00e5g. F\u00f6rst tillverkades Porin Matti i fyra olika format. Speciellt popul\u00e4r, i synnerhet efter krigstiden, var den f\u00e4rdigmurade Porin Matti-eldstaden med stomme av st\u00e5l.<\/p>\n<p>Formgivningens oerh\u00f6rda decennium, 1960-talet, p\u00e5verkade till och med utseendet p\u00e5 Porin Matti. Den ber\u00f6mda Timo Sarpaneva som p\u00e5 den tiden arbetade p\u00e5 Rosenlew f\u00f6rnyade formen p\u00e5 Porin Matti. De nya f\u00e4rgalternativen p\u00e5 kaminerna var r\u00f6d, olivgr\u00f6n och gr\u00e5. Samtidigt utformades till exempel ugnsluckan som blev mer str\u00f6mlinjeformad.<\/p>\n<p>Till slut gav Rosenlew ifr\u00e5n sig sin klassikerkamin \u00e5r 1974. F\u00f6retaget Polartherm fr\u00e5n Luvia k\u00f6pte kaminen till sin produktion och fortsatte tillverka den \u00e4nda fram till \u00e5r 2002.<\/p>\n<p>Efter en kortare paus \u00e5r 2009 b\u00f6rjade bolaget PK-Levy fr\u00e5n Nurmes i Norra Karelen i sin tur tillverka Porin Matti.<\/p>\n<p>Porin Mattis stramvackra yta forts\u00e4tter s\u00e5ledes att sprida v\u00e4rme i tusentals finl\u00e4ndska hem och sommarstugor. En klassiker lever kvar.<\/p>\n<p>K\u00e4lla: Rosenlew-museum och stadstidningen Tamperelainen<\/p>\n<p><a class=\"far fa-file-pdf fa--after icon-color--secondary-color\" href=\"https:\/\/www.porinmatti.fi\/content\/uploads\/2022\/02\/porin-matti01011940.pdf\" target=\"_blank\" rel=\"noopener\">Ladda broschyren fr\u00e5n 1940<\/a> (k\u00e4lla: Finlands nationalbibliotek)<\/p>\n<h2>Video<\/h2>\n<div class=\"shortcode--youtube iframe-16-9\"><iframe src=\"https:\/\/www.youtube.com\/embed\/ZOK8rwOBdgU?rel=0\" frameborder=\"0\" allow=\"accelerometer; autoplay; encrypted-media; gyroscope; picture-in-picture\" allowfullscreen><\/iframe><\/div>\n","protected":false},"excerpt":{"rendered":"<p>I begynnelsen var Porin Matti Under flera decennier var Porin Matti-kaminen en av de mest k\u00e4nda produkterna som tillverkades i Rosenlews mekaniska verkstad i Bj\u00f6rneborg&#8230;.<\/p>\n","protected":false},"author":1,"featured_media":0,"parent":0,"menu_order":0,"comment_status":"closed","ping_status":"closed","template":"","meta":{"footnotes":""},"class_list":["post-636","page","type-page","status-publish","hentry"],"yoast_head":"<!-- This site is optimized with the Yoast SEO plugin v27.5 - https:\/\/yoast.com\/product\/yoast-seo-wordpress\/ -->\n<title>Porin Matti tulisijat - Ajaton ja kest\u00e4v\u00e4, kotimainen klassikko<\/title>\n<meta name=\"description\" content=\"Porin Matti tulisija yhdist\u00e4\u00e4 ajattoman tyylin ja toiminnallisuuden. Uudet Porin Matit ja varaosat verkkokaupasta, perinteit\u00e4 kunnioittaen.\" \/>\n<meta name=\"robots\" content=\"index, follow, max-snippet:-1, max-image-preview:large, max-video-preview:-1\" \/>\n<link rel=\"canonical\" href=\"https:\/\/www.porinmatti.fi\/sv\/historia\/\" \/>\n<meta property=\"og:locale\" content=\"sv_SE\" \/>\n<meta property=\"og:type\" content=\"article\" \/>\n<meta property=\"og:title\" content=\"Porin Matti tulisijat - Ajaton ja kest\u00e4v\u00e4, kotimainen klassikko\" \/>\n<meta property=\"og:description\" content=\"Porin Matti tulisija yhdist\u00e4\u00e4 ajattoman tyylin ja toiminnallisuuden. Uudet Porin Matit ja varaosat verkkokaupasta, perinteit\u00e4 kunnioittaen.\" \/>\n<meta property=\"og:url\" content=\"https:\/\/www.porinmatti.fi\/sv\/historia\/\" \/>\n<meta property=\"og:site_name\" content=\"Porin Matti\" \/>\n<meta property=\"article:modified_time\" content=\"2025-10-29T13:21:06+00:00\" \/>\n<meta property=\"og:image\" content=\"https:\/\/www.porinmatti.fi\/content\/uploads\/2022\/02\/some-jako_FB_1200x630px.jpg\" \/>\n\t<meta property=\"og:image:width\" content=\"1200\" \/>\n\t<meta property=\"og:image:height\" content=\"630\" \/>\n\t<meta property=\"og:image:type\" content=\"image\/jpeg\" \/>\n<meta name=\"twitter:card\" content=\"summary_large_image\" \/>\n<meta name=\"twitter:image\" content=\"https:\/\/www.porinmatti.fi\/content\/uploads\/2022\/02\/some-jako_Twitter_1024x512px.jpg\" \/>\n<meta name=\"twitter:label1\" content=\"Est. reading time\" \/>\n\t<meta name=\"twitter:data1\" content=\"1 minute\" \/>\n<script type=\"application\/ld+json\" class=\"yoast-schema-graph\">{\"@context\":\"https:\\\/\\\/schema.org\",\"@graph\":[{\"@type\":\"WebPage\",\"@id\":\"https:\\\/\\\/www.porinmatti.fi\\\/sv\\\/historia\\\/\",\"url\":\"https:\\\/\\\/www.porinmatti.fi\\\/sv\\\/historia\\\/\",\"name\":\"Porin Matti tulisijat - Ajaton ja kest\u00e4v\u00e4, kotimainen klassikko\",\"isPartOf\":{\"@id\":\"https:\\\/\\\/www.porinmatti.fi\\\/sv\\\/#website\"},\"datePublished\":\"2022-02-22T09:39:54+00:00\",\"dateModified\":\"2025-10-29T13:21:06+00:00\",\"description\":\"Porin Matti tulisija yhdist\u00e4\u00e4 ajattoman tyylin ja toiminnallisuuden. Uudet Porin Matit ja varaosat verkkokaupasta, perinteit\u00e4 kunnioittaen.\",\"breadcrumb\":{\"@id\":\"https:\\\/\\\/www.porinmatti.fi\\\/sv\\\/historia\\\/#breadcrumb\"},\"inLanguage\":\"sv-SE\",\"potentialAction\":[{\"@type\":\"ReadAction\",\"target\":[\"https:\\\/\\\/www.porinmatti.fi\\\/sv\\\/historia\\\/\"]}]},{\"@type\":\"BreadcrumbList\",\"@id\":\"https:\\\/\\\/www.porinmatti.fi\\\/sv\\\/historia\\\/#breadcrumb\",\"itemListElement\":[{\"@type\":\"ListItem\",\"position\":1,\"name\":\"Hem\",\"item\":\"https:\\\/\\\/www.porinmatti.fi\\\/sv\\\/\"},{\"@type\":\"ListItem\",\"position\":2,\"name\":\"Historia\"}]},{\"@type\":\"WebSite\",\"@id\":\"https:\\\/\\\/www.porinmatti.fi\\\/sv\\\/#website\",\"url\":\"https:\\\/\\\/www.porinmatti.fi\\\/sv\\\/\",\"name\":\"Porin Matti\",\"description\":\"Kotimainen ja kest\u00e4v\u00e4, ajattoman tyylik\u00e4s tulisija\",\"potentialAction\":[{\"@type\":\"SearchAction\",\"target\":{\"@type\":\"EntryPoint\",\"urlTemplate\":\"https:\\\/\\\/www.porinmatti.fi\\\/sv\\\/?s={search_term_string}\"},\"query-input\":{\"@type\":\"PropertyValueSpecification\",\"valueRequired\":true,\"valueName\":\"search_term_string\"}}],\"inLanguage\":\"sv-SE\"}]}<\/script>\n<!-- \/ Yoast SEO plugin. -->","yoast_head_json":{"title":"Porin Matti tulisijat - Ajaton ja kest\u00e4v\u00e4, kotimainen klassikko","description":"Porin Matti tulisija yhdist\u00e4\u00e4 ajattoman tyylin ja toiminnallisuuden. Uudet Porin Matit ja varaosat verkkokaupasta, perinteit\u00e4 kunnioittaen.","robots":{"index":"index","follow":"follow","max-snippet":"max-snippet:-1","max-image-preview":"max-image-preview:large","max-video-preview":"max-video-preview:-1"},"canonical":"https:\/\/www.porinmatti.fi\/sv\/historia\/","og_locale":"sv_SE","og_type":"article","og_title":"Porin Matti tulisijat - Ajaton ja kest\u00e4v\u00e4, kotimainen klassikko","og_description":"Porin Matti tulisija yhdist\u00e4\u00e4 ajattoman tyylin ja toiminnallisuuden. Uudet Porin Matit ja varaosat verkkokaupasta, perinteit\u00e4 kunnioittaen.","og_url":"https:\/\/www.porinmatti.fi\/sv\/historia\/","og_site_name":"Porin Matti","article_modified_time":"2025-10-29T13:21:06+00:00","og_image":[{"width":1200,"height":630,"url":"https:\/\/www.porinmatti.fi\/content\/uploads\/2022\/02\/some-jako_FB_1200x630px.jpg","type":"image\/jpeg"}],"twitter_card":"summary_large_image","twitter_image":"https:\/\/www.porinmatti.fi\/content\/uploads\/2022\/02\/some-jako_Twitter_1024x512px.jpg","twitter_misc":{"Est. reading time":"1 minute"},"schema":{"@context":"https:\/\/schema.org","@graph":[{"@type":"WebPage","@id":"https:\/\/www.porinmatti.fi\/sv\/historia\/","url":"https:\/\/www.porinmatti.fi\/sv\/historia\/","name":"Porin Matti tulisijat - Ajaton ja kest\u00e4v\u00e4, kotimainen klassikko","isPartOf":{"@id":"https:\/\/www.porinmatti.fi\/sv\/#website"},"datePublished":"2022-02-22T09:39:54+00:00","dateModified":"2025-10-29T13:21:06+00:00","description":"Porin Matti tulisija yhdist\u00e4\u00e4 ajattoman tyylin ja toiminnallisuuden. Uudet Porin Matit ja varaosat verkkokaupasta, perinteit\u00e4 kunnioittaen.","breadcrumb":{"@id":"https:\/\/www.porinmatti.fi\/sv\/historia\/#breadcrumb"},"inLanguage":"sv-SE","potentialAction":[{"@type":"ReadAction","target":["https:\/\/www.porinmatti.fi\/sv\/historia\/"]}]},{"@type":"BreadcrumbList","@id":"https:\/\/www.porinmatti.fi\/sv\/historia\/#breadcrumb","itemListElement":[{"@type":"ListItem","position":1,"name":"Hem","item":"https:\/\/www.porinmatti.fi\/sv\/"},{"@type":"ListItem","position":2,"name":"Historia"}]},{"@type":"WebSite","@id":"https:\/\/www.porinmatti.fi\/sv\/#website","url":"https:\/\/www.porinmatti.fi\/sv\/","name":"Porin Matti","description":"Kotimainen ja kest\u00e4v\u00e4, ajattoman tyylik\u00e4s tulisija","potentialAction":[{"@type":"SearchAction","target":{"@type":"EntryPoint","urlTemplate":"https:\/\/www.porinmatti.fi\/sv\/?s={search_term_string}"},"query-input":{"@type":"PropertyValueSpecification","valueRequired":true,"valueName":"search_term_string"}}],"inLanguage":"sv-SE"}]}},"_links":{"self":[{"href":"https:\/\/www.porinmatti.fi\/sv\/wp-json\/wp\/v2\/pages\/636","targetHints":{"allow":["GET"]}}],"collection":[{"href":"https:\/\/www.porinmatti.fi\/sv\/wp-json\/wp\/v2\/pages"}],"about":[{"href":"https:\/\/www.porinmatti.fi\/sv\/wp-json\/wp\/v2\/types\/page"}],"author":[{"embeddable":true,"href":"https:\/\/www.porinmatti.fi\/sv\/wp-json\/wp\/v2\/users\/1"}],"replies":[{"embeddable":true,"href":"https:\/\/www.porinmatti.fi\/sv\/wp-json\/wp\/v2\/comments?post=636"}],"version-history":[{"count":4,"href":"https:\/\/www.porinmatti.fi\/sv\/wp-json\/wp\/v2\/pages\/636\/revisions"}],"predecessor-version":[{"id":5358,"href":"https:\/\/www.porinmatti.fi\/sv\/wp-json\/wp\/v2\/pages\/636\/revisions\/5358"}],"wp:attachment":[{"href":"https:\/\/www.porinmatti.fi\/sv\/wp-json\/wp\/v2\/media?parent=636"}],"curies":[{"name":"wp","href":"https:\/\/api.w.org\/{rel}","templated":true}]}}