{"id":856,"date":"2022-02-22T11:09:13","date_gmt":"2022-02-22T09:09:13","guid":{"rendered":"https:\/\/www.porinmatti.fi\/maksutavat-ja-toimitusehdot\/"},"modified":"2025-10-30T09:17:05","modified_gmt":"2025-10-30T07:17:05","slug":"betalningsmetoder-och-leveransvillkor","status":"publish","type":"page","link":"https:\/\/www.porinmatti.fi\/sv\/betalningsmetoder-och-leveransvillkor\/","title":{"rendered":"Betalningsmetoder och leveransvillkor"},"content":{"rendered":"\r\n<h2>Betalningsmetoder<\/h2>\r\n<h3>Finska betalningar via internet<\/h3>\r\n<p>Osuuspankki, Nordea, Danske bank, S\u00e4\u00e4st\u00f6pankki, Aktia, Oma S\u00e4\u00e4st\u00f6pankki, POP Pankki, Handelsbanken, S-Pankki och \u00c5landsbanken.<\/p>\r\n<h3>Klarna<\/h3>\r\n<p>I samarbete med Klarna erbjuder vi fakturabetalning, delbetalning, kontokortsbetalning och direktbetalning. Denna betall\u00f6sning kallas f\u00f6r Klarna Checkout.<\/p>\r\n<p>Genom att l\u00e4mna information i kassan godk\u00e4nner du <a href=\"https:\/\/www.klarna.com\/se\/villkor\/\" target=\"_blank\" rel=\"noopener\">Klarnas villkor<\/a> Genom att best\u00e4lla fr\u00e5n v\u00e5r butik accepterar du villkoren f\u00f6r Porin Matti.<\/p>\r\n<p>Klarna Checkout presenterar viss information f\u00f6r dig s\u00e5 snart du \u00e4r identifierad. Vilken information du beh\u00f6ver ange f\u00f6r att uppn\u00e5 identifiering kan variera mellan olika k\u00f6ptillf\u00e4llen och kunder. N\u00e5gon kreditupplysning tas aldrig direkt i Klarna Checkout utan vid behov beroende p\u00e5 det betalningsalternativ du har valt.<\/p>\r\n<p>Kreditupplysningar som tas av Klarna p\u00e5verkar inte din kreditv\u00e4rdighet och kan inte ses av andra som beg\u00e4r kreditupplysning om dig, t ex banker.<\/p>\r\n<p>Sedan du har identifierats uppvisar Klarna Checkout vilka alternativ som \u00e4r tillg\u00e4ngliga f\u00f6r just dig. Faktura \u00e4r f\u00f6rvalt som betalningsalternativ men du kan givetvis fritt v\u00e4lja n\u00e5got av de andra alternativen s\u00e5som direktbetalning via bank eller betalning med kort. Vilka alternativ du erbjuds kan v\u00e4xla fr\u00e5n tid till annan. Du kan sj\u00e4lv v\u00e4lja om du vill skydda din anv\u00e4ndning av Klarna Checkout med en PIN-kod.<\/p>\r\n<p>All kommunikation och information kring betalningar kommer till dig direkt fr\u00e5n Klarna.<\/p>\r\n<h3>Kortbetalning<\/h3>\r\n<p>Vi vill att du ska k\u00e4nna dig trygg n\u00e4r du handlar online. Klarna Checkout ser till att du tryggt kan g\u00f6ra ditt k\u00f6p oavsett om du betalar med kreditkort, n\u00e4tbank, delbetalning eller faktura<\/p>\r\n<h3>Betalning med faktura<\/h3>\r\n<p>Porin Matti erbjuder \u00e4ven betalning mot faktura via Porin Mattis samarbetspartner Klarna. L\u00e4nk till fakturan skickas i separat mail fr\u00e5n Klarna till dig. N\u00e4r du betalar via Klarna faktura handlar du tryggt och enkelt. Du beh\u00f6ver aldrig uppge dina kortuppgifter, och betalar alltid efter att du f\u00e5tt din best\u00e4llning.<\/p>\r\n<ul class=\"check-list\">\r\n<li>Betalningstid &#8211; alltid minst 30 dagar<\/li>\r\n<li>0\u20ac i fakturaavgift<\/li>\r\n<li>Alltid 14 dagars \u00e5ngerr\u00e4tt i enlighet med distans- och hemf\u00f6rs\u00e4ljningslagen*<\/li>\r\n<li>Ladda ner dina fakturor fr\u00e5n klarna.fi<\/li>\r\n<li>M\u00f6jlighet till delbetalning**<\/li>\r\n<\/ul>\r\n<p>Fakturan ska betalas inom 30 dagar fr\u00e5n fakturadatum. Om du inte betalar innan f\u00f6rfallodatumet skickas det en p\u00e5minnelsefaktura med en p\u00e5minnelseavgift (5\u20ac) p\u00e5 och dr\u00f6jsm\u00e5lsr\u00e4nta enligt den finska r\u00e4ntelagen. Vid k\u00f6ptillf\u00e4llet g\u00f6rs en kreditpr\u00f6vning som i vissa fall inneb\u00e4r att en kreditupplysning tas. D\u00e5 kommer du f\u00e5 en kopia p\u00e5 kreditupplysningen per post. Personuppgifter hanteras i enlighet med g\u00e4llande lagstiftning.<\/p>\r\n<p>Klarna g\u00f6r en sedvanlig kreditkontroll vid fakturabest\u00e4llning. Om din kreditans\u00f6kan inte godk\u00e4nns av Klarna nekas du kredit och Porin Matti ber dig anv\u00e4nda ett annat betals\u00e4tt. Klarna behandlar personuppgifter i syfte att utf\u00f6ra kundanalys, identifikation, kreditkontroll och marknadsf\u00f6ring. Vid kontakt med Klarna anv\u00e4nds personnummer som kundnummer.<\/p>\r\n<h2>Leveransvillkor<\/h2>\r\n<p>Produkter har 14 dagars returr\u00e4tt.<\/p>\r\n<p>Om produkten finns i lager \u00e4r leveranstiden 1 &#8211; 4 arbetsdagar. Om den best\u00e4llda produkten undantagsvis \u00e4r slut i lager, meddelas kunden omedelbart.<\/p>\r\n<p>Om fel produkt har levererats till konsumenten, eller produkten \u00e4r defekt, ska konsumenten omedelbart meddela kundtj\u00e4nsten f\u00f6r porinmatti.fi n\u00e4tbutik antingen via e-post info@porinmatti.fi eller via telefon +358 45 162 3590 (m\u00e5n. &#8211; fre 9 &#8211; 15).<\/p>\r\n<p>porinmatti.fi ansvarar inte om leveransen av best\u00e4llningen f\u00f6rhindras, hindras eller f\u00f6rsenas p\u00e5 grund av en omst\u00e4ndighet utanf\u00f6r porinmatti.fis kontroll, s\u00e5som krig, naturkatastrof, export- eller importf\u00f6rbud, myndighetsbeslut, avbrott i kollektivtrafiken, fel som beror p\u00e5 att leverant\u00f6ren eller annan liknande som komplicerar eller f\u00f6rhindrar driften av porinmatti.fi e-handel.<\/p>\r\n<p>Vi f\u00f6rbeh\u00e5ller oss r\u00e4tten att g\u00f6ra \u00e4ndringar.<\/p>\r\n<h3>Fraktkostnader<\/h3>\r\n<p>F\u00f6rpacknings- och portoavgift f\u00f6r alla reservdelar \u20ac 19,50. F\u00f6r eldst\u00e4der \u00e4r fraktavgiften 180 \u20ac.<\/p>\r\n","protected":false},"excerpt":{"rendered":"<p>Betalningsmetoder Finska betalningar via internet Osuuspankki, Nordea, Danske bank, S\u00e4\u00e4st\u00f6pankki, Aktia, Oma S\u00e4\u00e4st\u00f6pankki, POP Pankki, Handelsbanken, S-Pankki och \u00c5landsbanken. Klarna I samarbete med Klarna erbjuder&#8230;<\/p>\n","protected":false},"author":1,"featured_media":0,"parent":0,"menu_order":0,"comment_status":"closed","ping_status":"closed","template":"","meta":{"footnotes":""},"class_list":["post-856","page","type-page","status-publish","hentry"],"yoast_head":"<!-- This site is optimized with the Yoast SEO plugin v27.5 - https:\/\/yoast.com\/product\/yoast-seo-wordpress\/ -->\n<title>Betalningsmetoder och leveransvillkor - Porin Matti<\/title>\n<meta name=\"robots\" content=\"index, follow, max-snippet:-1, max-image-preview:large, max-video-preview:-1\" \/>\n<link rel=\"canonical\" href=\"https:\/\/www.porinmatti.fi\/sv\/betalningsmetoder-och-leveransvillkor\/\" \/>\n<meta property=\"og:locale\" content=\"sv_SE\" \/>\n<meta property=\"og:type\" content=\"article\" \/>\n<meta property=\"og:title\" content=\"Betalningsmetoder och leveransvillkor - Porin Matti\" \/>\n<meta property=\"og:description\" content=\"Betalningsmetoder Finska betalningar via internet Osuuspankki, Nordea, Danske bank, S\u00e4\u00e4st\u00f6pankki, Aktia, Oma S\u00e4\u00e4st\u00f6pankki, POP Pankki, Handelsbanken, S-Pankki och \u00c5landsbanken. Klarna I samarbete med Klarna erbjuder...\" \/>\n<meta property=\"og:url\" content=\"https:\/\/www.porinmatti.fi\/sv\/betalningsmetoder-och-leveransvillkor\/\" \/>\n<meta property=\"og:site_name\" content=\"Porin Matti\" \/>\n<meta property=\"article:modified_time\" content=\"2025-10-30T07:17:05+00:00\" \/>\n<meta property=\"og:image\" content=\"https:\/\/www.porinmatti.fi\/content\/uploads\/2022\/02\/some-jako_FB_1200x630px.jpg\" \/>\n\t<meta property=\"og:image:width\" content=\"1200\" \/>\n\t<meta property=\"og:image:height\" content=\"630\" \/>\n\t<meta property=\"og:image:type\" content=\"image\/jpeg\" \/>\n<meta name=\"twitter:card\" content=\"summary_large_image\" \/>\n<meta name=\"twitter:label1\" content=\"Est. reading time\" \/>\n\t<meta name=\"twitter:data1\" content=\"4 minutes\" \/>\n<script type=\"application\/ld+json\" class=\"yoast-schema-graph\">{\"@context\":\"https:\\\/\\\/schema.org\",\"@graph\":[{\"@type\":\"WebPage\",\"@id\":\"https:\\\/\\\/www.porinmatti.fi\\\/sv\\\/betalningsmetoder-och-leveransvillkor\\\/\",\"url\":\"https:\\\/\\\/www.porinmatti.fi\\\/sv\\\/betalningsmetoder-och-leveransvillkor\\\/\",\"name\":\"Betalningsmetoder och leveransvillkor - Porin Matti\",\"isPartOf\":{\"@id\":\"https:\\\/\\\/www.porinmatti.fi\\\/sv\\\/#website\"},\"datePublished\":\"2022-02-22T09:09:13+00:00\",\"dateModified\":\"2025-10-30T07:17:05+00:00\",\"breadcrumb\":{\"@id\":\"https:\\\/\\\/www.porinmatti.fi\\\/sv\\\/betalningsmetoder-och-leveransvillkor\\\/#breadcrumb\"},\"inLanguage\":\"sv-SE\",\"potentialAction\":[{\"@type\":\"ReadAction\",\"target\":[\"https:\\\/\\\/www.porinmatti.fi\\\/sv\\\/betalningsmetoder-och-leveransvillkor\\\/\"]}]},{\"@type\":\"BreadcrumbList\",\"@id\":\"https:\\\/\\\/www.porinmatti.fi\\\/sv\\\/betalningsmetoder-och-leveransvillkor\\\/#breadcrumb\",\"itemListElement\":[{\"@type\":\"ListItem\",\"position\":1,\"name\":\"Hem\",\"item\":\"https:\\\/\\\/www.porinmatti.fi\\\/sv\\\/\"},{\"@type\":\"ListItem\",\"position\":2,\"name\":\"Betalningsmetoder och leveransvillkor\"}]},{\"@type\":\"WebSite\",\"@id\":\"https:\\\/\\\/www.porinmatti.fi\\\/sv\\\/#website\",\"url\":\"https:\\\/\\\/www.porinmatti.fi\\\/sv\\\/\",\"name\":\"Porin Matti\",\"description\":\"Kotimainen ja kest\u00e4v\u00e4, ajattoman tyylik\u00e4s tulisija\",\"potentialAction\":[{\"@type\":\"SearchAction\",\"target\":{\"@type\":\"EntryPoint\",\"urlTemplate\":\"https:\\\/\\\/www.porinmatti.fi\\\/sv\\\/?s={search_term_string}\"},\"query-input\":{\"@type\":\"PropertyValueSpecification\",\"valueRequired\":true,\"valueName\":\"search_term_string\"}}],\"inLanguage\":\"sv-SE\"}]}<\/script>\n<!-- \/ Yoast SEO plugin. -->","yoast_head_json":{"title":"Betalningsmetoder och leveransvillkor - Porin Matti","robots":{"index":"index","follow":"follow","max-snippet":"max-snippet:-1","max-image-preview":"max-image-preview:large","max-video-preview":"max-video-preview:-1"},"canonical":"https:\/\/www.porinmatti.fi\/sv\/betalningsmetoder-och-leveransvillkor\/","og_locale":"sv_SE","og_type":"article","og_title":"Betalningsmetoder och leveransvillkor - Porin Matti","og_description":"Betalningsmetoder Finska betalningar via internet Osuuspankki, Nordea, Danske bank, S\u00e4\u00e4st\u00f6pankki, Aktia, Oma S\u00e4\u00e4st\u00f6pankki, POP Pankki, Handelsbanken, S-Pankki och \u00c5landsbanken. Klarna I samarbete med Klarna erbjuder...","og_url":"https:\/\/www.porinmatti.fi\/sv\/betalningsmetoder-och-leveransvillkor\/","og_site_name":"Porin Matti","article_modified_time":"2025-10-30T07:17:05+00:00","og_image":[{"width":1200,"height":630,"url":"https:\/\/www.porinmatti.fi\/content\/uploads\/2022\/02\/some-jako_FB_1200x630px.jpg","type":"image\/jpeg"}],"twitter_card":"summary_large_image","twitter_misc":{"Est. reading time":"4 minutes"},"schema":{"@context":"https:\/\/schema.org","@graph":[{"@type":"WebPage","@id":"https:\/\/www.porinmatti.fi\/sv\/betalningsmetoder-och-leveransvillkor\/","url":"https:\/\/www.porinmatti.fi\/sv\/betalningsmetoder-och-leveransvillkor\/","name":"Betalningsmetoder och leveransvillkor - Porin Matti","isPartOf":{"@id":"https:\/\/www.porinmatti.fi\/sv\/#website"},"datePublished":"2022-02-22T09:09:13+00:00","dateModified":"2025-10-30T07:17:05+00:00","breadcrumb":{"@id":"https:\/\/www.porinmatti.fi\/sv\/betalningsmetoder-och-leveransvillkor\/#breadcrumb"},"inLanguage":"sv-SE","potentialAction":[{"@type":"ReadAction","target":["https:\/\/www.porinmatti.fi\/sv\/betalningsmetoder-och-leveransvillkor\/"]}]},{"@type":"BreadcrumbList","@id":"https:\/\/www.porinmatti.fi\/sv\/betalningsmetoder-och-leveransvillkor\/#breadcrumb","itemListElement":[{"@type":"ListItem","position":1,"name":"Hem","item":"https:\/\/www.porinmatti.fi\/sv\/"},{"@type":"ListItem","position":2,"name":"Betalningsmetoder och leveransvillkor"}]},{"@type":"WebSite","@id":"https:\/\/www.porinmatti.fi\/sv\/#website","url":"https:\/\/www.porinmatti.fi\/sv\/","name":"Porin Matti","description":"Kotimainen ja kest\u00e4v\u00e4, ajattoman tyylik\u00e4s tulisija","potentialAction":[{"@type":"SearchAction","target":{"@type":"EntryPoint","urlTemplate":"https:\/\/www.porinmatti.fi\/sv\/?s={search_term_string}"},"query-input":{"@type":"PropertyValueSpecification","valueRequired":true,"valueName":"search_term_string"}}],"inLanguage":"sv-SE"}]}},"_links":{"self":[{"href":"https:\/\/www.porinmatti.fi\/sv\/wp-json\/wp\/v2\/pages\/856","targetHints":{"allow":["GET"]}}],"collection":[{"href":"https:\/\/www.porinmatti.fi\/sv\/wp-json\/wp\/v2\/pages"}],"about":[{"href":"https:\/\/www.porinmatti.fi\/sv\/wp-json\/wp\/v2\/types\/page"}],"author":[{"embeddable":true,"href":"https:\/\/www.porinmatti.fi\/sv\/wp-json\/wp\/v2\/users\/1"}],"replies":[{"embeddable":true,"href":"https:\/\/www.porinmatti.fi\/sv\/wp-json\/wp\/v2\/comments?post=856"}],"version-history":[{"count":4,"href":"https:\/\/www.porinmatti.fi\/sv\/wp-json\/wp\/v2\/pages\/856\/revisions"}],"predecessor-version":[{"id":5422,"href":"https:\/\/www.porinmatti.fi\/sv\/wp-json\/wp\/v2\/pages\/856\/revisions\/5422"}],"wp:attachment":[{"href":"https:\/\/www.porinmatti.fi\/sv\/wp-json\/wp\/v2\/media?parent=856"}],"curies":[{"name":"wp","href":"https:\/\/api.w.org\/{rel}","templated":true}]}}