{"id":5431,"date":"2022-06-16T08:29:42","date_gmt":"2022-06-16T05:29:42","guid":{"rendered":"https:\/\/www.porinmatti.fi\/tuote\/porin-matti-turkoosi\/"},"modified":"2025-10-30T10:43:42","modified_gmt":"2025-10-30T08:43:42","slug":"porin-matti-turkos","status":"publish","type":"product","link":"https:\/\/www.porinmatti.fi\/sv\/produkt\/porin-matti-turkos\/","title":{"rendered":"Porin Matti, turkos"},"content":{"rendered":"","protected":false},"excerpt":{"rendered":"<p>Porin Matti finns nu \u00e4ven i en modern klassisk turkosf\u00e4rg. Den vackra marina nyansen skapar en kontrast till den levande elden, vilket \u00e4r lugnande bara att t\u00e4nka p\u00e5.<\/p>\n<p>Pori Matti med liten kapacitet kombinerar egenskaperna hos en kamin och en v\u00e4rmelagringsugn: v\u00e4rmen b\u00f6rjar str\u00e5la fr\u00e5n ugnsytan kort efter att elden t\u00e4nds, och efter att f\u00f6rbr\u00e4nningen har avslutats forts\u00e4tter Matti att avge v\u00e4rme i cirka tio timmar. Kaminens yta blir inte varm, vilket g\u00f6r den till en s\u00e4ker v\u00e4rmek\u00e4lla.<\/p>\n<p>N\u00e4r r\u00f6kgasanslutningen har f\u00f6rberetts i f\u00f6rv\u00e4g \u00e4r Pori Matti enkel att installera. Kunden f\u00e5r m\u00e5ttangivelser f\u00f6r anslutningen och erforderliga s\u00e4kerhetsavst\u00e5nd vid best\u00e4llningen. N\u00e4r Pori Matti levereras beh\u00f6ver den bara flyttas p\u00e5 plats och anslutas till r\u00f6kgasledningen.<\/p>\n<h3 class=\"h5\">M\u00e5tt<\/h3>\n<p>Bredd: 540 mm<br \/>\nDjup: 370 mm<br \/>\nH\u00f6jd: 1010 mm<br \/>\nVikt: 200 kg<\/p>\n<h3 class=\"h5\">F\u00e4rg<\/h3>\n<p>turkos RAL 5018<\/p>\n","protected":false},"featured_media":3630,"template":"","meta":[],"product_brand":[],"product_cat":[55],"product_tag":[],"class_list":{"0":"post-5431","1":"product","2":"type-product","3":"status-publish","4":"has-post-thumbnail","6":"product_cat-porin-matti-eldstader","7":"product_shipping_class-tulisija-rahti-sv","9":"first","10":"instock","11":"taxable","12":"shipping-taxable","13":"purchasable","14":"product-type-variable"},"yoast_head":"<!-- This site is optimized with the Yoast SEO plugin v27.5 - https:\/\/yoast.com\/product\/yoast-seo-wordpress\/ -->\n<title>Porin Matti, turkos - Porin Matti<\/title>\n<meta name=\"robots\" content=\"index, follow, max-snippet:-1, max-image-preview:large, max-video-preview:-1\" \/>\n<link rel=\"canonical\" href=\"https:\/\/www.porinmatti.fi\/sv\/produkt\/porin-matti-turkos\/\" \/>\n<meta property=\"og:locale\" content=\"sv_SE\" \/>\n<meta property=\"og:type\" content=\"article\" \/>\n<meta property=\"og:title\" content=\"Porin Matti, turkos - Porin Matti\" \/>\n<meta property=\"og:description\" content=\"Porin Matti finns nu \u00e4ven i en modern klassisk turkosf\u00e4rg. Den vackra marina nyansen skapar en kontrast till den levande elden, vilket \u00e4r lugnande bara att t\u00e4nka p\u00e5.  Pori Matti med liten kapacitet kombinerar egenskaperna hos en kamin och en v\u00e4rmelagringsugn: v\u00e4rmen b\u00f6rjar str\u00e5la fr\u00e5n ugnsytan kort efter att elden t\u00e4nds, och efter att f\u00f6rbr\u00e4nningen har avslutats forts\u00e4tter Matti att avge v\u00e4rme i cirka tio timmar. Kaminens yta blir inte varm, vilket g\u00f6r den till en s\u00e4ker v\u00e4rmek\u00e4lla.  N\u00e4r r\u00f6kgasanslutningen har f\u00f6rberetts i f\u00f6rv\u00e4g \u00e4r Pori Matti enkel att installera. Kunden f\u00e5r m\u00e5ttangivelser f\u00f6r anslutningen och erforderliga s\u00e4kerhetsavst\u00e5nd vid best\u00e4llningen. N\u00e4r Pori Matti levereras beh\u00f6ver den bara flyttas p\u00e5 plats och anslutas till r\u00f6kgasledningen. M\u00e5tt Bredd: 540 mm Djup: 370 mm H\u00f6jd: 1010 mm Vikt: 200 kg F\u00e4rg turkos RAL 5018\" \/>\n<meta property=\"og:url\" content=\"https:\/\/www.porinmatti.fi\/sv\/produkt\/porin-matti-turkos\/\" \/>\n<meta property=\"og:site_name\" content=\"Porin Matti\" \/>\n<meta property=\"article:modified_time\" content=\"2025-10-30T08:43:42+00:00\" \/>\n<meta property=\"og:image\" content=\"https:\/\/www.porinmatti.fi\/content\/uploads\/2024\/02\/tuotteet-_0010_DSC07090-turkoosi3.jpg\" \/>\n\t<meta property=\"og:image:width\" content=\"1080\" \/>\n\t<meta property=\"og:image:height\" content=\"1080\" \/>\n\t<meta property=\"og:image:type\" content=\"image\/jpeg\" \/>\n<meta name=\"twitter:card\" content=\"summary_large_image\" \/>\n<script type=\"application\/ld+json\" class=\"yoast-schema-graph\">{\"@context\":\"https:\\\/\\\/schema.org\",\"@graph\":[{\"@type\":\"WebPage\",\"@id\":\"https:\\\/\\\/www.porinmatti.fi\\\/sv\\\/produkt\\\/porin-matti-turkos\\\/\",\"url\":\"https:\\\/\\\/www.porinmatti.fi\\\/sv\\\/produkt\\\/porin-matti-turkos\\\/\",\"name\":\"Porin Matti, turkos - Porin Matti\",\"isPartOf\":{\"@id\":\"https:\\\/\\\/www.porinmatti.fi\\\/sv\\\/#website\"},\"primaryImageOfPage\":{\"@id\":\"https:\\\/\\\/www.porinmatti.fi\\\/sv\\\/produkt\\\/porin-matti-turkos\\\/#primaryimage\"},\"image\":{\"@id\":\"https:\\\/\\\/www.porinmatti.fi\\\/sv\\\/produkt\\\/porin-matti-turkos\\\/#primaryimage\"},\"thumbnailUrl\":\"https:\\\/\\\/www.porinmatti.fi\\\/content\\\/uploads\\\/2024\\\/02\\\/tuotteet-_0010_DSC07090-turkoosi3.jpg\",\"datePublished\":\"2022-06-16T05:29:42+00:00\",\"dateModified\":\"2025-10-30T08:43:42+00:00\",\"breadcrumb\":{\"@id\":\"https:\\\/\\\/www.porinmatti.fi\\\/sv\\\/produkt\\\/porin-matti-turkos\\\/#breadcrumb\"},\"inLanguage\":\"sv-SE\",\"potentialAction\":[{\"@type\":\"ReadAction\",\"target\":[\"https:\\\/\\\/www.porinmatti.fi\\\/sv\\\/produkt\\\/porin-matti-turkos\\\/\"]}]},{\"@type\":\"ImageObject\",\"inLanguage\":\"sv-SE\",\"@id\":\"https:\\\/\\\/www.porinmatti.fi\\\/sv\\\/produkt\\\/porin-matti-turkos\\\/#primaryimage\",\"url\":\"https:\\\/\\\/www.porinmatti.fi\\\/content\\\/uploads\\\/2024\\\/02\\\/tuotteet-_0010_DSC07090-turkoosi3.jpg\",\"contentUrl\":\"https:\\\/\\\/www.porinmatti.fi\\\/content\\\/uploads\\\/2024\\\/02\\\/tuotteet-_0010_DSC07090-turkoosi3.jpg\",\"width\":1080,\"height\":1080},{\"@type\":\"BreadcrumbList\",\"@id\":\"https:\\\/\\\/www.porinmatti.fi\\\/sv\\\/produkt\\\/porin-matti-turkos\\\/#breadcrumb\",\"itemListElement\":[{\"@type\":\"ListItem\",\"position\":1,\"name\":\"Hem\",\"item\":\"https:\\\/\\\/www.porinmatti.fi\\\/sv\\\/\"},{\"@type\":\"ListItem\",\"position\":2,\"name\":\"Butik\",\"item\":\"https:\\\/\\\/www.porinmatti.fi\\\/sv\\\/butik\\\/\"},{\"@type\":\"ListItem\",\"position\":3,\"name\":\"Porin Matti eldst\u00e4der\",\"item\":\"https:\\\/\\\/www.porinmatti.fi\\\/sv\\\/produktavdelning\\\/porin-matti-eldstader\\\/\"},{\"@type\":\"ListItem\",\"position\":4,\"name\":\"Porin Matti, turkos\"}]},{\"@type\":\"WebSite\",\"@id\":\"https:\\\/\\\/www.porinmatti.fi\\\/sv\\\/#website\",\"url\":\"https:\\\/\\\/www.porinmatti.fi\\\/sv\\\/\",\"name\":\"Porin Matti\",\"description\":\"Kotimainen ja kest\u00e4v\u00e4, ajattoman tyylik\u00e4s tulisija\",\"potentialAction\":[{\"@type\":\"SearchAction\",\"target\":{\"@type\":\"EntryPoint\",\"urlTemplate\":\"https:\\\/\\\/www.porinmatti.fi\\\/sv\\\/?s={search_term_string}\"},\"query-input\":{\"@type\":\"PropertyValueSpecification\",\"valueRequired\":true,\"valueName\":\"search_term_string\"}}],\"inLanguage\":\"sv-SE\"}]}<\/script>\n<!-- \/ Yoast SEO plugin. -->","yoast_head_json":{"title":"Porin Matti, turkos - Porin Matti","robots":{"index":"index","follow":"follow","max-snippet":"max-snippet:-1","max-image-preview":"max-image-preview:large","max-video-preview":"max-video-preview:-1"},"canonical":"https:\/\/www.porinmatti.fi\/sv\/produkt\/porin-matti-turkos\/","og_locale":"sv_SE","og_type":"article","og_title":"Porin Matti, turkos - Porin Matti","og_description":"Porin Matti finns nu \u00e4ven i en modern klassisk turkosf\u00e4rg. Den vackra marina nyansen skapar en kontrast till den levande elden, vilket \u00e4r lugnande bara att t\u00e4nka p\u00e5.  Pori Matti med liten kapacitet kombinerar egenskaperna hos en kamin och en v\u00e4rmelagringsugn: v\u00e4rmen b\u00f6rjar str\u00e5la fr\u00e5n ugnsytan kort efter att elden t\u00e4nds, och efter att f\u00f6rbr\u00e4nningen har avslutats forts\u00e4tter Matti att avge v\u00e4rme i cirka tio timmar. Kaminens yta blir inte varm, vilket g\u00f6r den till en s\u00e4ker v\u00e4rmek\u00e4lla.  N\u00e4r r\u00f6kgasanslutningen har f\u00f6rberetts i f\u00f6rv\u00e4g \u00e4r Pori Matti enkel att installera. Kunden f\u00e5r m\u00e5ttangivelser f\u00f6r anslutningen och erforderliga s\u00e4kerhetsavst\u00e5nd vid best\u00e4llningen. N\u00e4r Pori Matti levereras beh\u00f6ver den bara flyttas p\u00e5 plats och anslutas till r\u00f6kgasledningen. M\u00e5tt Bredd: 540 mm Djup: 370 mm H\u00f6jd: 1010 mm Vikt: 200 kg F\u00e4rg turkos RAL 5018","og_url":"https:\/\/www.porinmatti.fi\/sv\/produkt\/porin-matti-turkos\/","og_site_name":"Porin Matti","article_modified_time":"2025-10-30T08:43:42+00:00","og_image":[{"width":1080,"height":1080,"url":"https:\/\/www.porinmatti.fi\/content\/uploads\/2024\/02\/tuotteet-_0010_DSC07090-turkoosi3.jpg","type":"image\/jpeg"}],"twitter_card":"summary_large_image","schema":{"@context":"https:\/\/schema.org","@graph":[{"@type":"WebPage","@id":"https:\/\/www.porinmatti.fi\/sv\/produkt\/porin-matti-turkos\/","url":"https:\/\/www.porinmatti.fi\/sv\/produkt\/porin-matti-turkos\/","name":"Porin Matti, turkos - Porin Matti","isPartOf":{"@id":"https:\/\/www.porinmatti.fi\/sv\/#website"},"primaryImageOfPage":{"@id":"https:\/\/www.porinmatti.fi\/sv\/produkt\/porin-matti-turkos\/#primaryimage"},"image":{"@id":"https:\/\/www.porinmatti.fi\/sv\/produkt\/porin-matti-turkos\/#primaryimage"},"thumbnailUrl":"https:\/\/www.porinmatti.fi\/content\/uploads\/2024\/02\/tuotteet-_0010_DSC07090-turkoosi3.jpg","datePublished":"2022-06-16T05:29:42+00:00","dateModified":"2025-10-30T08:43:42+00:00","breadcrumb":{"@id":"https:\/\/www.porinmatti.fi\/sv\/produkt\/porin-matti-turkos\/#breadcrumb"},"inLanguage":"sv-SE","potentialAction":[{"@type":"ReadAction","target":["https:\/\/www.porinmatti.fi\/sv\/produkt\/porin-matti-turkos\/"]}]},{"@type":"ImageObject","inLanguage":"sv-SE","@id":"https:\/\/www.porinmatti.fi\/sv\/produkt\/porin-matti-turkos\/#primaryimage","url":"https:\/\/www.porinmatti.fi\/content\/uploads\/2024\/02\/tuotteet-_0010_DSC07090-turkoosi3.jpg","contentUrl":"https:\/\/www.porinmatti.fi\/content\/uploads\/2024\/02\/tuotteet-_0010_DSC07090-turkoosi3.jpg","width":1080,"height":1080},{"@type":"BreadcrumbList","@id":"https:\/\/www.porinmatti.fi\/sv\/produkt\/porin-matti-turkos\/#breadcrumb","itemListElement":[{"@type":"ListItem","position":1,"name":"Hem","item":"https:\/\/www.porinmatti.fi\/sv\/"},{"@type":"ListItem","position":2,"name":"Butik","item":"https:\/\/www.porinmatti.fi\/sv\/butik\/"},{"@type":"ListItem","position":3,"name":"Porin Matti eldst\u00e4der","item":"https:\/\/www.porinmatti.fi\/sv\/produktavdelning\/porin-matti-eldstader\/"},{"@type":"ListItem","position":4,"name":"Porin Matti, turkos"}]},{"@type":"WebSite","@id":"https:\/\/www.porinmatti.fi\/sv\/#website","url":"https:\/\/www.porinmatti.fi\/sv\/","name":"Porin Matti","description":"Kotimainen ja kest\u00e4v\u00e4, ajattoman tyylik\u00e4s tulisija","potentialAction":[{"@type":"SearchAction","target":{"@type":"EntryPoint","urlTemplate":"https:\/\/www.porinmatti.fi\/sv\/?s={search_term_string}"},"query-input":{"@type":"PropertyValueSpecification","valueRequired":true,"valueName":"search_term_string"}}],"inLanguage":"sv-SE"}]}},"_links":{"self":[{"href":"https:\/\/www.porinmatti.fi\/sv\/wp-json\/wp\/v2\/product\/5431","targetHints":{"allow":["GET"]}}],"collection":[{"href":"https:\/\/www.porinmatti.fi\/sv\/wp-json\/wp\/v2\/product"}],"about":[{"href":"https:\/\/www.porinmatti.fi\/sv\/wp-json\/wp\/v2\/types\/product"}],"wp:featuredmedia":[{"embeddable":true,"href":"https:\/\/www.porinmatti.fi\/sv\/wp-json\/wp\/v2\/media\/3630"}],"wp:attachment":[{"href":"https:\/\/www.porinmatti.fi\/sv\/wp-json\/wp\/v2\/media?parent=5431"}],"wp:term":[{"taxonomy":"product_brand","embeddable":true,"href":"https:\/\/www.porinmatti.fi\/sv\/wp-json\/wp\/v2\/product_brand?post=5431"},{"taxonomy":"product_cat","embeddable":true,"href":"https:\/\/www.porinmatti.fi\/sv\/wp-json\/wp\/v2\/product_cat?post=5431"},{"taxonomy":"product_tag","embeddable":true,"href":"https:\/\/www.porinmatti.fi\/sv\/wp-json\/wp\/v2\/product_tag?post=5431"}],"curies":[{"name":"wp","href":"https:\/\/api.w.org\/{rel}","templated":true}]}}