{"id":877,"date":"2022-02-22T10:58:25","date_gmt":"2022-02-22T08:58:25","guid":{"rendered":"https:\/\/www.porinmatti.fi\/tuote\/lasiluukku\/"},"modified":"2025-10-30T10:08:34","modified_gmt":"2025-10-30T08:08:34","slug":"glaslucka","status":"publish","type":"product","link":"https:\/\/www.porinmatti.fi\/sv\/produkt\/glaslucka\/","title":{"rendered":"Glaslucka"},"content":{"rendered":"","protected":false},"excerpt":{"rendered":"<p>Vill du njuta av synen av en riktig eld samtidigt som du v\u00e4rmer upp ditt hem? Denna glaslucka passar alla Pori Matta-kaminer tillverkade efter 1950-talet som har ett horisontellt handtag p\u00e5 luckan. F\u00f6r \u00e4ldre modeller m\u00e5ste \u00e4ven luckramen bytas ut.<\/p>\n<p>D\u00f6rren \u00e4r klar att monteras och inkluderar en \u00f6vre g\u00e5ngj\u00e4rnsstift. Den nedre stiften sitter redan i ramen.<\/p>\n<p>M\u00e5lad med svart v\u00e4rmebest\u00e4ndig f\u00e4rg.<\/p>\n","protected":false},"featured_media":1062,"template":"","meta":[],"product_brand":[],"product_cat":[57],"product_tag":[],"class_list":{"0":"post-877","1":"product","2":"type-product","3":"status-publish","4":"has-post-thumbnail","6":"product_cat-porin-matti-reservdelar","8":"first","9":"instock","10":"taxable","11":"shipping-taxable","12":"purchasable","13":"product-type-simple"},"yoast_head":"<!-- This site is optimized with the Yoast SEO plugin v27.5 - https:\/\/yoast.com\/product\/yoast-seo-wordpress\/ -->\n<title>Glaslucka - Porin Matti<\/title>\n<meta name=\"robots\" content=\"index, follow, max-snippet:-1, max-image-preview:large, max-video-preview:-1\" \/>\n<link rel=\"canonical\" href=\"https:\/\/www.porinmatti.fi\/sv\/produkt\/glaslucka\/\" \/>\n<meta property=\"og:locale\" content=\"sv_SE\" \/>\n<meta property=\"og:type\" content=\"article\" \/>\n<meta property=\"og:title\" content=\"Glaslucka - Porin Matti\" \/>\n<meta property=\"og:description\" content=\"Vill du njuta av synen av en riktig eld samtidigt som du v\u00e4rmer upp ditt hem? Denna glaslucka passar alla Pori Matta-kaminer tillverkade efter 1950-talet som har ett horisontellt handtag p\u00e5 luckan. F\u00f6r \u00e4ldre modeller m\u00e5ste \u00e4ven luckramen bytas ut.  D\u00f6rren \u00e4r klar att monteras och inkluderar en \u00f6vre g\u00e5ngj\u00e4rnsstift. Den nedre stiften sitter redan i ramen.  M\u00e5lad med svart v\u00e4rmebest\u00e4ndig f\u00e4rg.\" \/>\n<meta property=\"og:url\" content=\"https:\/\/www.porinmatti.fi\/sv\/produkt\/glaslucka\/\" \/>\n<meta property=\"og:site_name\" content=\"Porin Matti\" \/>\n<meta property=\"article:modified_time\" content=\"2025-10-30T08:08:34+00:00\" \/>\n<meta property=\"og:image\" content=\"https:\/\/www.porinmatti.fi\/content\/uploads\/2022\/06\/lasiluukku-scaled.jpg\" \/>\n\t<meta property=\"og:image:width\" content=\"1963\" \/>\n\t<meta property=\"og:image:height\" content=\"2560\" \/>\n\t<meta property=\"og:image:type\" content=\"image\/jpeg\" \/>\n<meta name=\"twitter:card\" content=\"summary_large_image\" \/>\n<script type=\"application\/ld+json\" class=\"yoast-schema-graph\">{\"@context\":\"https:\\\/\\\/schema.org\",\"@graph\":[{\"@type\":\"WebPage\",\"@id\":\"https:\\\/\\\/www.porinmatti.fi\\\/sv\\\/produkt\\\/glaslucka\\\/\",\"url\":\"https:\\\/\\\/www.porinmatti.fi\\\/sv\\\/produkt\\\/glaslucka\\\/\",\"name\":\"Glaslucka - Porin Matti\",\"isPartOf\":{\"@id\":\"https:\\\/\\\/www.porinmatti.fi\\\/sv\\\/#website\"},\"primaryImageOfPage\":{\"@id\":\"https:\\\/\\\/www.porinmatti.fi\\\/sv\\\/produkt\\\/glaslucka\\\/#primaryimage\"},\"image\":{\"@id\":\"https:\\\/\\\/www.porinmatti.fi\\\/sv\\\/produkt\\\/glaslucka\\\/#primaryimage\"},\"thumbnailUrl\":\"https:\\\/\\\/www.porinmatti.fi\\\/content\\\/uploads\\\/2022\\\/06\\\/lasiluukku-scaled.jpg\",\"datePublished\":\"2022-02-22T08:58:25+00:00\",\"dateModified\":\"2025-10-30T08:08:34+00:00\",\"breadcrumb\":{\"@id\":\"https:\\\/\\\/www.porinmatti.fi\\\/sv\\\/produkt\\\/glaslucka\\\/#breadcrumb\"},\"inLanguage\":\"sv-SE\",\"potentialAction\":[{\"@type\":\"ReadAction\",\"target\":[\"https:\\\/\\\/www.porinmatti.fi\\\/sv\\\/produkt\\\/glaslucka\\\/\"]}]},{\"@type\":\"ImageObject\",\"inLanguage\":\"sv-SE\",\"@id\":\"https:\\\/\\\/www.porinmatti.fi\\\/sv\\\/produkt\\\/glaslucka\\\/#primaryimage\",\"url\":\"https:\\\/\\\/www.porinmatti.fi\\\/content\\\/uploads\\\/2022\\\/06\\\/lasiluukku-scaled.jpg\",\"contentUrl\":\"https:\\\/\\\/www.porinmatti.fi\\\/content\\\/uploads\\\/2022\\\/06\\\/lasiluukku-scaled.jpg\",\"width\":1963,\"height\":2560},{\"@type\":\"BreadcrumbList\",\"@id\":\"https:\\\/\\\/www.porinmatti.fi\\\/sv\\\/produkt\\\/glaslucka\\\/#breadcrumb\",\"itemListElement\":[{\"@type\":\"ListItem\",\"position\":1,\"name\":\"Hem\",\"item\":\"https:\\\/\\\/www.porinmatti.fi\\\/sv\\\/\"},{\"@type\":\"ListItem\",\"position\":2,\"name\":\"Butik\",\"item\":\"https:\\\/\\\/www.porinmatti.fi\\\/sv\\\/butik\\\/\"},{\"@type\":\"ListItem\",\"position\":3,\"name\":\"Porin Matti reservdelar\",\"item\":\"https:\\\/\\\/www.porinmatti.fi\\\/sv\\\/produktavdelning\\\/porin-matti-reservdelar\\\/\"},{\"@type\":\"ListItem\",\"position\":4,\"name\":\"Glaslucka\"}]},{\"@type\":\"WebSite\",\"@id\":\"https:\\\/\\\/www.porinmatti.fi\\\/sv\\\/#website\",\"url\":\"https:\\\/\\\/www.porinmatti.fi\\\/sv\\\/\",\"name\":\"Porin Matti\",\"description\":\"Kotimainen ja kest\u00e4v\u00e4, ajattoman tyylik\u00e4s tulisija\",\"potentialAction\":[{\"@type\":\"SearchAction\",\"target\":{\"@type\":\"EntryPoint\",\"urlTemplate\":\"https:\\\/\\\/www.porinmatti.fi\\\/sv\\\/?s={search_term_string}\"},\"query-input\":{\"@type\":\"PropertyValueSpecification\",\"valueRequired\":true,\"valueName\":\"search_term_string\"}}],\"inLanguage\":\"sv-SE\"}]}<\/script>\n<!-- \/ Yoast SEO plugin. -->","yoast_head_json":{"title":"Glaslucka - Porin Matti","robots":{"index":"index","follow":"follow","max-snippet":"max-snippet:-1","max-image-preview":"max-image-preview:large","max-video-preview":"max-video-preview:-1"},"canonical":"https:\/\/www.porinmatti.fi\/sv\/produkt\/glaslucka\/","og_locale":"sv_SE","og_type":"article","og_title":"Glaslucka - Porin Matti","og_description":"Vill du njuta av synen av en riktig eld samtidigt som du v\u00e4rmer upp ditt hem? Denna glaslucka passar alla Pori Matta-kaminer tillverkade efter 1950-talet som har ett horisontellt handtag p\u00e5 luckan. F\u00f6r \u00e4ldre modeller m\u00e5ste \u00e4ven luckramen bytas ut.  D\u00f6rren \u00e4r klar att monteras och inkluderar en \u00f6vre g\u00e5ngj\u00e4rnsstift. Den nedre stiften sitter redan i ramen.  M\u00e5lad med svart v\u00e4rmebest\u00e4ndig f\u00e4rg.","og_url":"https:\/\/www.porinmatti.fi\/sv\/produkt\/glaslucka\/","og_site_name":"Porin Matti","article_modified_time":"2025-10-30T08:08:34+00:00","og_image":[{"width":1963,"height":2560,"url":"https:\/\/www.porinmatti.fi\/content\/uploads\/2022\/06\/lasiluukku-scaled.jpg","type":"image\/jpeg"}],"twitter_card":"summary_large_image","schema":{"@context":"https:\/\/schema.org","@graph":[{"@type":"WebPage","@id":"https:\/\/www.porinmatti.fi\/sv\/produkt\/glaslucka\/","url":"https:\/\/www.porinmatti.fi\/sv\/produkt\/glaslucka\/","name":"Glaslucka - Porin Matti","isPartOf":{"@id":"https:\/\/www.porinmatti.fi\/sv\/#website"},"primaryImageOfPage":{"@id":"https:\/\/www.porinmatti.fi\/sv\/produkt\/glaslucka\/#primaryimage"},"image":{"@id":"https:\/\/www.porinmatti.fi\/sv\/produkt\/glaslucka\/#primaryimage"},"thumbnailUrl":"https:\/\/www.porinmatti.fi\/content\/uploads\/2022\/06\/lasiluukku-scaled.jpg","datePublished":"2022-02-22T08:58:25+00:00","dateModified":"2025-10-30T08:08:34+00:00","breadcrumb":{"@id":"https:\/\/www.porinmatti.fi\/sv\/produkt\/glaslucka\/#breadcrumb"},"inLanguage":"sv-SE","potentialAction":[{"@type":"ReadAction","target":["https:\/\/www.porinmatti.fi\/sv\/produkt\/glaslucka\/"]}]},{"@type":"ImageObject","inLanguage":"sv-SE","@id":"https:\/\/www.porinmatti.fi\/sv\/produkt\/glaslucka\/#primaryimage","url":"https:\/\/www.porinmatti.fi\/content\/uploads\/2022\/06\/lasiluukku-scaled.jpg","contentUrl":"https:\/\/www.porinmatti.fi\/content\/uploads\/2022\/06\/lasiluukku-scaled.jpg","width":1963,"height":2560},{"@type":"BreadcrumbList","@id":"https:\/\/www.porinmatti.fi\/sv\/produkt\/glaslucka\/#breadcrumb","itemListElement":[{"@type":"ListItem","position":1,"name":"Hem","item":"https:\/\/www.porinmatti.fi\/sv\/"},{"@type":"ListItem","position":2,"name":"Butik","item":"https:\/\/www.porinmatti.fi\/sv\/butik\/"},{"@type":"ListItem","position":3,"name":"Porin Matti reservdelar","item":"https:\/\/www.porinmatti.fi\/sv\/produktavdelning\/porin-matti-reservdelar\/"},{"@type":"ListItem","position":4,"name":"Glaslucka"}]},{"@type":"WebSite","@id":"https:\/\/www.porinmatti.fi\/sv\/#website","url":"https:\/\/www.porinmatti.fi\/sv\/","name":"Porin Matti","description":"Kotimainen ja kest\u00e4v\u00e4, ajattoman tyylik\u00e4s tulisija","potentialAction":[{"@type":"SearchAction","target":{"@type":"EntryPoint","urlTemplate":"https:\/\/www.porinmatti.fi\/sv\/?s={search_term_string}"},"query-input":{"@type":"PropertyValueSpecification","valueRequired":true,"valueName":"search_term_string"}}],"inLanguage":"sv-SE"}]}},"_links":{"self":[{"href":"https:\/\/www.porinmatti.fi\/sv\/wp-json\/wp\/v2\/product\/877","targetHints":{"allow":["GET"]}}],"collection":[{"href":"https:\/\/www.porinmatti.fi\/sv\/wp-json\/wp\/v2\/product"}],"about":[{"href":"https:\/\/www.porinmatti.fi\/sv\/wp-json\/wp\/v2\/types\/product"}],"wp:featuredmedia":[{"embeddable":true,"href":"https:\/\/www.porinmatti.fi\/sv\/wp-json\/wp\/v2\/media\/1062"}],"wp:attachment":[{"href":"https:\/\/www.porinmatti.fi\/sv\/wp-json\/wp\/v2\/media?parent=877"}],"wp:term":[{"taxonomy":"product_brand","embeddable":true,"href":"https:\/\/www.porinmatti.fi\/sv\/wp-json\/wp\/v2\/product_brand?post=877"},{"taxonomy":"product_cat","embeddable":true,"href":"https:\/\/www.porinmatti.fi\/sv\/wp-json\/wp\/v2\/product_cat?post=877"},{"taxonomy":"product_tag","embeddable":true,"href":"https:\/\/www.porinmatti.fi\/sv\/wp-json\/wp\/v2\/product_tag?post=877"}],"curies":[{"name":"wp","href":"https:\/\/api.w.org\/{rel}","templated":true}]}}